{"id":3491,"date":"2018-06-28T07:26:57","date_gmt":"2018-06-28T05:26:57","guid":{"rendered":"https:\/\/folger.ee\/packaging\/"},"modified":"2024-06-19T14:51:14","modified_gmt":"2024-06-19T12:51:14","slug":"packaging","status":"publish","type":"page","link":"https:\/\/folger.ee\/en\/packaging\/","title":{"rendered":"Packaging"},"content":{"rendered":"\n<style type=\"text\/css\" data-created_by=\"avia_inline_auto\" id=\"style-css-av-av_heading-ef8b06f60b83859636e2eccc146aeb11\">\n#top .av-special-heading.av-av_heading-ef8b06f60b83859636e2eccc146aeb11{\npadding-bottom:0;\n}\nbody .av-special-heading.av-av_heading-ef8b06f60b83859636e2eccc146aeb11 .av-special-heading-tag .heading-char{\nfont-size:25px;\n}\n.av-special-heading.av-av_heading-ef8b06f60b83859636e2eccc146aeb11 .av-subheading{\nfont-size:15px;\n}\n<\/style>\n<div  class='av-special-heading av-av_heading-ef8b06f60b83859636e2eccc146aeb11 av-special-heading-h1 blockquote modern-quote modern-centered  avia-builder-el-0  el_before_av_hr  avia-builder-el-first '><h1 class='av-special-heading-tag'  itemprop=\"headline\"  >Packaging<\/h1><div class=\"special-heading-border\"><div class=\"special-heading-inner-border\"><\/div><\/div><\/div>\n\n<style type=\"text\/css\" data-created_by=\"avia_inline_auto\" id=\"style-css-av-av_hr-0f43f4c0c60732079c06bdec67b86983\">\n#top .hr.av-av_hr-0f43f4c0c60732079c06bdec67b86983{\nmargin-top:20px;\nmargin-bottom:20px;\n}\n.hr.av-av_hr-0f43f4c0c60732079c06bdec67b86983 .hr-inner{\nwidth:50px;\nborder-color:#005f36;\nmax-width:45%;\n}\n.hr.av-av_hr-0f43f4c0c60732079c06bdec67b86983 .av-seperator-icon{\ncolor:#005f36;\n}\n<\/style>\n<div  class='hr av-av_hr-0f43f4c0c60732079c06bdec67b86983 hr-custom  avia-builder-el-1  el_after_av_heading  el_before_av_textblock  hr-center hr-icon-yes'><span class='hr-inner inner-border-av-border-thin'><span class=\"hr-inner-style\"><\/span><\/span><span class='av-seperator-icon' aria-hidden='true' data-av_icon='\ue8c0' data-av_iconfont='entypo-fontello'><\/span><span class='hr-inner inner-border-av-border-thin'><span class=\"hr-inner-style\"><\/span><\/span><\/div>\n\n<style type=\"text\/css\" data-created_by=\"avia_inline_auto\" id=\"style-css-av-av_textblock-60d462bd0bc811363a2e7e31868c0769\">\n#top .av_textblock_section.av-av_textblock-60d462bd0bc811363a2e7e31868c0769 .avia_textblock{\nfont-size:18px;\ncolor:#000000;\n}\n<\/style>\n<section  class='av_textblock_section av-av_textblock-60d462bd0bc811363a2e7e31868c0769 '   itemscope=\"itemscope\" itemtype=\"https:\/\/schema.org\/CreativeWork\" ><div class='avia_textblock av_inherit_color'  itemprop=\"text\" ><p style=\"text-align: center;\">Designing high-quality and eye-catching packaging is easy with the help of a manufacturer who actively thinks about your needs.<\/p>\n<\/div><\/section>\n<\/div><\/div><\/div><!-- close content main div --><\/div><\/div>\n<style type=\"text\/css\" data-created_by=\"avia_inline_auto\" id=\"style-css-av-av_section-3fccdfda0d9b9ff155148640f98019a5\">\n.avia-section.av-av_section-3fccdfda0d9b9ff155148640f98019a5{\nbackground-color:#eaeaea;\nbackground-image:unset;\n}\n<\/style>\n<div id='biggerbutt'  class='avia-section av-av_section-3fccdfda0d9b9ff155148640f98019a5 main_color avia-section-default avia-shadow  avia-builder-el-3  el_after_av_textblock  el_before_av_section  avia-bg-style-scroll container_wrap sidebar_right'  ><div class='container av-section-cont-open' ><div class='template-page content  av-content-small alpha units'><div class='post-entry post-entry-type-page post-entry-3491'><div class='entry-content-wrapper clearfix'>\n\n<style type=\"text\/css\" data-created_by=\"avia_inline_auto\" id=\"style-css-av-av_one_half-7199356cb1d68f50727093e953985fb3\">\n.flex_column.av-av_one_half-7199356cb1d68f50727093e953985fb3{\nborder-radius:0px 0px 0px 0px;\npadding:0px 0px 0px 0px;\n}\n<\/style>\n<div  class='flex_column av-av_one_half-7199356cb1d68f50727093e953985fb3 av_one_half  avia-builder-el-4  el_before_av_one_half  avia-builder-el-first  first flex_column_div  '     ><style type=\"text\/css\" data-created_by=\"avia_inline_auto\" id=\"style-css-av-av_image-bf44c3c47ab0a48d6bfcc6693cb34d75\">\n.avia-image-container.av-av_image-bf44c3c47ab0a48d6bfcc6693cb34d75 img.avia_image{\nbox-shadow:none;\n}\n.avia-image-container.av-av_image-bf44c3c47ab0a48d6bfcc6693cb34d75 .av-image-caption-overlay-center{\ncolor:#ffffff;\n}\n<\/style>\n<div  class='avia-image-container av-av_image-bf44c3c47ab0a48d6bfcc6693cb34d75 av-styling-circle av-hover-grow avia-align-left  avia-builder-el-5  avia-builder-el-no-sibling '   itemprop=\"image\" itemscope=\"itemscope\" itemtype=\"https:\/\/schema.org\/ImageObject\" ><div class=\"avia-image-container-inner\"><div class=\"avia-image-overlay-wrap\"><img decoding=\"async\" fetchpriority=\"high\" class='wp-image-5618 avia-img-lazy-loading-not-5618 avia_image ' src=\"https:\/\/folger.ee\/wp-content\/uploads\/2017\/06\/IMG_5518_-m\u00fc\u00fcgipakend.jpg\" alt='' title=''  height=\"533\" width=\"800\"  itemprop=\"thumbnailUrl\" srcset=\"https:\/\/folger.ee\/wp-content\/uploads\/2017\/06\/IMG_5518_-m\u00fc\u00fcgipakend.jpg 800w, https:\/\/folger.ee\/wp-content\/uploads\/2017\/06\/IMG_5518_-m\u00fc\u00fcgipakend-300x200.jpg 300w, https:\/\/folger.ee\/wp-content\/uploads\/2017\/06\/IMG_5518_-m\u00fc\u00fcgipakend-768x512.jpg 768w, https:\/\/folger.ee\/wp-content\/uploads\/2017\/06\/IMG_5518_-m\u00fc\u00fcgipakend-705x470.jpg 705w, https:\/\/folger.ee\/wp-content\/uploads\/2017\/06\/IMG_5518_-m\u00fc\u00fcgipakend-450x300.jpg 450w\" sizes=\"(max-width: 800px) 100vw, 800px\" \/><\/div><\/div><\/div><\/div>\n<style type=\"text\/css\" data-created_by=\"avia_inline_auto\" id=\"style-css-av-av_one_half-0aa7055fe62c3622faec82866afbaeb2\">\n.flex_column.av-av_one_half-0aa7055fe62c3622faec82866afbaeb2{\nborder-radius:0px 0px 0px 0px;\npadding:0px 0px 0px 0px;\n}\n<\/style>\n<div  class='flex_column av-av_one_half-0aa7055fe62c3622faec82866afbaeb2 av_one_half  avia-builder-el-6  el_after_av_one_half  avia-builder-el-last  flex_column_div av-zero-column-padding  '     ><p>\n<style type=\"text\/css\" data-created_by=\"avia_inline_auto\" id=\"style-css-av-av_heading-8d17d191f9d5c48765e91edaf5bab8f2\">\n#top .av-special-heading.av-av_heading-8d17d191f9d5c48765e91edaf5bab8f2{\npadding-bottom:10px;\n}\nbody .av-special-heading.av-av_heading-8d17d191f9d5c48765e91edaf5bab8f2 .av-special-heading-tag .heading-char{\nfont-size:25px;\n}\n.av-special-heading.av-av_heading-8d17d191f9d5c48765e91edaf5bab8f2 .av-subheading{\nfont-size:15px;\n}\n<\/style>\n<div  class='av-special-heading av-av_heading-8d17d191f9d5c48765e91edaf5bab8f2 av-special-heading-h2 blockquote modern-quote  avia-builder-el-7  el_before_av_textblock  avia-builder-el-first '><h2 class='av-special-heading-tag'  itemprop=\"headline\"  >Sales packaging<\/h2><div class=\"special-heading-border\"><div class=\"special-heading-inner-border\"><\/div><\/div><\/div><br \/>\n\n<style type=\"text\/css\" data-created_by=\"avia_inline_auto\" id=\"style-css-av-av_textblock-336a86cbd525173a432949c14cbdbbd9\">\n#top .av_textblock_section.av-av_textblock-336a86cbd525173a432949c14cbdbbd9 .avia_textblock{\nfont-size:16px;\ncolor:#000000;\n}\n<\/style>\n<section  class='av_textblock_section av-av_textblock-336a86cbd525173a432949c14cbdbbd9 '   itemscope=\"itemscope\" itemtype=\"https:\/\/schema.org\/CreativeWork\" ><div class='avia_textblock av_inherit_color'  itemprop=\"text\" ><p><strong>Product packaging is no longer simply packaging \u2013 it is a carefully devised sales strategy. We can help you find affordable working solutions.<\/strong><\/p>\n<p><strong><br \/>\nWe produce packaging for<\/strong><\/p>\n<ul>\n<li>the food industry<\/li>\n<li>the cosmetics industry<\/li>\n<li>the electronics industry<\/li>\n<li>and everyone else.<\/li>\n<\/ul>\n<\/div><\/section><br \/>\n<div  class='avia-button-wrap av-av_button-5d24c254cf52725410b518bc824cf47c-wrap avia-button-left  avia-builder-el-9  el_after_av_textblock  avia-builder-el-last '>\n<style type=\"text\/css\" data-created_by=\"avia_inline_auto\" id=\"style-css-av-av_button-5d24c254cf52725410b518bc824cf47c\">\n#top #wrap_all .avia-button.av-av_button-5d24c254cf52725410b518bc824cf47c{\nbackground-color:#005f36;\nborder-color:#005f36;\ncolor:#ffffff;\ntransition:all 0.4s ease-in-out;\n}\n<\/style>\n<a href='https:\/\/folger.ee\/en\/sales-packaging\/?lang=en'  class='avia-button av-av_button-5d24c254cf52725410b518bc824cf47c av-link-btn avia-icon_select-no avia-size-large avia-position-left'  ><span class='avia_iconbox_title' >Read more<\/span><\/a><\/div><\/p><\/div>\n\n<\/div><\/div><\/div><!-- close content main div --><\/div><\/div>\n<style type=\"text\/css\" data-created_by=\"avia_inline_auto\" id=\"style-css-av-av_section-f5dc59955592c357b98323ae5257c5ea\">\n.avia-section.av-av_section-f5dc59955592c357b98323ae5257c5ea{\nbackground-color:#ffffff;\nbackground-image:unset;\n}\n<\/style>\n<div id='biggerbutt'  class='avia-section av-av_section-f5dc59955592c357b98323ae5257c5ea main_color avia-section-default avia-shadow  avia-builder-el-10  el_after_av_section  el_before_av_section  avia-bg-style-scroll container_wrap sidebar_right'  ><div class='container av-section-cont-open' ><div class='template-page content  av-content-small alpha units'><div class='post-entry post-entry-type-page post-entry-3491'><div class='entry-content-wrapper clearfix'>\n\n<style type=\"text\/css\" data-created_by=\"avia_inline_auto\" id=\"style-css-av-av_one_half-6126cab7d8fab8d08143dd2dacdf673c\">\n.flex_column.av-av_one_half-6126cab7d8fab8d08143dd2dacdf673c{\nborder-radius:0px 0px 0px 0px;\npadding:0px 0px 0px 0px;\n}\n<\/style>\n<div  class='flex_column av-av_one_half-6126cab7d8fab8d08143dd2dacdf673c av_one_half  avia-builder-el-11  el_before_av_one_half  avia-builder-el-first  first flex_column_div av-zero-column-padding  '     ><p>\n<style type=\"text\/css\" data-created_by=\"avia_inline_auto\" id=\"style-css-av-av_heading-09ea0cb93ae4537b25cceba3318a4aff\">\n#top .av-special-heading.av-av_heading-09ea0cb93ae4537b25cceba3318a4aff{\npadding-bottom:10px;\n}\nbody .av-special-heading.av-av_heading-09ea0cb93ae4537b25cceba3318a4aff .av-special-heading-tag .heading-char{\nfont-size:25px;\n}\n.av-special-heading.av-av_heading-09ea0cb93ae4537b25cceba3318a4aff .av-subheading{\nfont-size:15px;\n}\n<\/style>\n<div  class='av-special-heading av-av_heading-09ea0cb93ae4537b25cceba3318a4aff av-special-heading-h2 blockquote modern-quote  avia-builder-el-12  el_before_av_textblock  avia-builder-el-first '><h2 class='av-special-heading-tag'  itemprop=\"headline\"  >Gift packaging<\/h2><div class=\"special-heading-border\"><div class=\"special-heading-inner-border\"><\/div><\/div><\/div><br \/>\n\n<style type=\"text\/css\" data-created_by=\"avia_inline_auto\" id=\"style-css-av-av_textblock-336a86cbd525173a432949c14cbdbbd9\">\n#top .av_textblock_section.av-av_textblock-336a86cbd525173a432949c14cbdbbd9 .avia_textblock{\nfont-size:16px;\ncolor:#000000;\n}\n<\/style>\n<section  class='av_textblock_section av-av_textblock-336a86cbd525173a432949c14cbdbbd9 '   itemscope=\"itemscope\" itemtype=\"https:\/\/schema.org\/CreativeWork\" ><div class='avia_textblock av_inherit_color'  itemprop=\"text\" ><p><strong>Fine gifts in fine packaging leave a fine impression. Folger offers both gift packaging printing as well as various post-processing services.<\/strong><\/p>\n<p><strong><br \/>\nWe make gift packaging which is:<\/strong><\/p>\n<ul>\n<li>attractive<\/li>\n<li>practical<\/li>\n<li>environmentally friendly<\/li>\n<li>affordable<\/li>\n<\/ul>\n<\/div><\/section><br \/>\n<div  class='avia-button-wrap av-av_button-7de3b9fbbf3518086246fb4b0981ae99-wrap avia-button-left  avia-builder-el-14  el_after_av_textblock  avia-builder-el-last '>\n<style type=\"text\/css\" data-created_by=\"avia_inline_auto\" id=\"style-css-av-av_button-7de3b9fbbf3518086246fb4b0981ae99\">\n#top #wrap_all .avia-button.av-av_button-7de3b9fbbf3518086246fb4b0981ae99{\nbackground-color:#005f36;\nborder-color:#005f36;\ncolor:#ffffff;\ntransition:all 0.4s ease-in-out;\n}\n<\/style>\n<a href='https:\/\/folger.ee\/en\/gift-packaging\/?lang=en'  class='avia-button av-av_button-7de3b9fbbf3518086246fb4b0981ae99 av-link-btn avia-icon_select-no avia-size-large avia-position-left'  ><span class='avia_iconbox_title' >Read more<\/span><\/a><\/div><\/p><\/div>\n<style type=\"text\/css\" data-created_by=\"avia_inline_auto\" id=\"style-css-av-av_one_half-5abf35bc7f35bc3cfd48011fcc4b06ef\">\n.flex_column.av-av_one_half-5abf35bc7f35bc3cfd48011fcc4b06ef{\nborder-radius:0px 0px 0px 0px;\npadding:0px 0px 0px 0px;\n}\n<\/style>\n<div  class='flex_column av-av_one_half-5abf35bc7f35bc3cfd48011fcc4b06ef av_one_half  avia-builder-el-15  el_after_av_one_half  avia-builder-el-last  flex_column_div  '     ><style type=\"text\/css\" data-created_by=\"avia_inline_auto\" id=\"style-css-av-av_image-994e79dc7f289e2cc3592fee6e979300\">\n.avia-image-container.av-av_image-994e79dc7f289e2cc3592fee6e979300 img.avia_image{\nbox-shadow:none;\n}\n.avia-image-container.av-av_image-994e79dc7f289e2cc3592fee6e979300 .av-image-caption-overlay-center{\ncolor:#ffffff;\n}\n<\/style>\n<div  class='avia-image-container av-av_image-994e79dc7f289e2cc3592fee6e979300 av-styling-circle av-hover-grow avia-align-left  avia-builder-el-16  avia-builder-el-no-sibling '   itemprop=\"image\" itemscope=\"itemscope\" itemtype=\"https:\/\/schema.org\/ImageObject\" ><div class=\"avia-image-container-inner\"><div class=\"avia-image-overlay-wrap\"><img decoding=\"async\" fetchpriority=\"high\" class='wp-image-5616 avia-img-lazy-loading-not-5616 avia_image ' src=\"https:\/\/folger.ee\/wp-content\/uploads\/2017\/06\/IMG_5497_-kinkepakend_-v\u00e4\u00e4rikas-\u00fcmbris.jpg\" alt='' title=''  height=\"533\" width=\"800\"  itemprop=\"thumbnailUrl\" srcset=\"https:\/\/folger.ee\/wp-content\/uploads\/2017\/06\/IMG_5497_-kinkepakend_-v\u00e4\u00e4rikas-\u00fcmbris.jpg 800w, https:\/\/folger.ee\/wp-content\/uploads\/2017\/06\/IMG_5497_-kinkepakend_-v\u00e4\u00e4rikas-\u00fcmbris-300x200.jpg 300w, https:\/\/folger.ee\/wp-content\/uploads\/2017\/06\/IMG_5497_-kinkepakend_-v\u00e4\u00e4rikas-\u00fcmbris-768x512.jpg 768w, https:\/\/folger.ee\/wp-content\/uploads\/2017\/06\/IMG_5497_-kinkepakend_-v\u00e4\u00e4rikas-\u00fcmbris-705x470.jpg 705w, https:\/\/folger.ee\/wp-content\/uploads\/2017\/06\/IMG_5497_-kinkepakend_-v\u00e4\u00e4rikas-\u00fcmbris-450x300.jpg 450w\" sizes=\"(max-width: 800px) 100vw, 800px\" \/><\/div><\/div><\/div><\/div>\n\n<\/div><\/div><\/div><!-- close content main div --><\/div><\/div>\n<style type=\"text\/css\" data-created_by=\"avia_inline_auto\" id=\"style-css-av-av_section-3fccdfda0d9b9ff155148640f98019a5\">\n.avia-section.av-av_section-3fccdfda0d9b9ff155148640f98019a5{\nbackground-color:#eaeaea;\nbackground-image:unset;\n}\n<\/style>\n<div id='biggerbutt'  class='avia-section av-av_section-3fccdfda0d9b9ff155148640f98019a5 main_color avia-section-default avia-shadow  avia-builder-el-17  el_after_av_section  avia-builder-el-last  avia-bg-style-scroll container_wrap sidebar_right'  ><div class='container av-section-cont-open' ><div class='template-page content  av-content-small alpha units'><div class='post-entry post-entry-type-page post-entry-3491'><div class='entry-content-wrapper clearfix'>\n\n<style type=\"text\/css\" data-created_by=\"avia_inline_auto\" id=\"style-css-av-av_one_half-7199356cb1d68f50727093e953985fb3\">\n.flex_column.av-av_one_half-7199356cb1d68f50727093e953985fb3{\nborder-radius:0px 0px 0px 0px;\npadding:0px 0px 0px 0px;\n}\n<\/style>\n<div  class='flex_column av-av_one_half-7199356cb1d68f50727093e953985fb3 av_one_half  avia-builder-el-18  el_before_av_one_half  avia-builder-el-first  first flex_column_div  '     ><style type=\"text\/css\" data-created_by=\"avia_inline_auto\" id=\"style-css-av-av_image-8839e81b41d2473f5daa724c2a2c272b\">\n.avia-image-container.av-av_image-8839e81b41d2473f5daa724c2a2c272b img.avia_image{\nbox-shadow:none;\n}\n.avia-image-container.av-av_image-8839e81b41d2473f5daa724c2a2c272b .av-image-caption-overlay-center{\ncolor:#ffffff;\n}\n<\/style>\n<div  class='avia-image-container av-av_image-8839e81b41d2473f5daa724c2a2c272b av-styling-circle av-hover-grow avia-align-left  avia-builder-el-19  avia-builder-el-no-sibling '   itemprop=\"image\" itemscope=\"itemscope\" itemtype=\"https:\/\/schema.org\/ImageObject\" ><div class=\"avia-image-container-inner\"><div class=\"avia-image-overlay-wrap\"><img decoding=\"async\" fetchpriority=\"high\" class='wp-image-5622 avia-img-lazy-loading-not-5622 avia_image ' src=\"https:\/\/folger.ee\/wp-content\/uploads\/2017\/06\/IMG_5541_-m\u00fc\u00fcgipakend_-kvaliteetne.jpg\" alt='' title=''  height=\"533\" width=\"800\"  itemprop=\"thumbnailUrl\" srcset=\"https:\/\/folger.ee\/wp-content\/uploads\/2017\/06\/IMG_5541_-m\u00fc\u00fcgipakend_-kvaliteetne.jpg 800w, https:\/\/folger.ee\/wp-content\/uploads\/2017\/06\/IMG_5541_-m\u00fc\u00fcgipakend_-kvaliteetne-300x200.jpg 300w, https:\/\/folger.ee\/wp-content\/uploads\/2017\/06\/IMG_5541_-m\u00fc\u00fcgipakend_-kvaliteetne-768x512.jpg 768w, https:\/\/folger.ee\/wp-content\/uploads\/2017\/06\/IMG_5541_-m\u00fc\u00fcgipakend_-kvaliteetne-705x470.jpg 705w, https:\/\/folger.ee\/wp-content\/uploads\/2017\/06\/IMG_5541_-m\u00fc\u00fcgipakend_-kvaliteetne-450x300.jpg 450w\" sizes=\"(max-width: 800px) 100vw, 800px\" \/><\/div><\/div><\/div><\/div>\n<style type=\"text\/css\" data-created_by=\"avia_inline_auto\" id=\"style-css-av-av_one_half-0aa7055fe62c3622faec82866afbaeb2\">\n.flex_column.av-av_one_half-0aa7055fe62c3622faec82866afbaeb2{\nborder-radius:0px 0px 0px 0px;\npadding:0px 0px 0px 0px;\n}\n<\/style>\n<div  class='flex_column av-av_one_half-0aa7055fe62c3622faec82866afbaeb2 av_one_half  avia-builder-el-20  el_after_av_one_half  avia-builder-el-last  flex_column_div av-zero-column-padding  '     ><p>\n<style type=\"text\/css\" data-created_by=\"avia_inline_auto\" id=\"style-css-av-av_heading-4c143a158f5e85bc7402652e16a00ae4\">\n#top .av-special-heading.av-av_heading-4c143a158f5e85bc7402652e16a00ae4{\npadding-bottom:10px;\n}\nbody .av-special-heading.av-av_heading-4c143a158f5e85bc7402652e16a00ae4 .av-special-heading-tag .heading-char{\nfont-size:25px;\n}\n.av-special-heading.av-av_heading-4c143a158f5e85bc7402652e16a00ae4 .av-subheading{\nfont-size:15px;\n}\n<\/style>\n<div  class='av-special-heading av-av_heading-4c143a158f5e85bc7402652e16a00ae4 av-special-heading-h2 blockquote modern-quote  avia-builder-el-21  el_before_av_textblock  avia-builder-el-first '><h2 class='av-special-heading-tag'  itemprop=\"headline\"  >Custom packaging solutions<\/h2><div class=\"special-heading-border\"><div class=\"special-heading-inner-border\"><\/div><\/div><\/div><br \/>\n\n<style type=\"text\/css\" data-created_by=\"avia_inline_auto\" id=\"style-css-av-av_textblock-336a86cbd525173a432949c14cbdbbd9\">\n#top .av_textblock_section.av-av_textblock-336a86cbd525173a432949c14cbdbbd9 .avia_textblock{\nfont-size:16px;\ncolor:#000000;\n}\n<\/style>\n<section  class='av_textblock_section av-av_textblock-336a86cbd525173a432949c14cbdbbd9 '   itemscope=\"itemscope\" itemtype=\"https:\/\/schema.org\/CreativeWork\" ><div class='avia_textblock av_inherit_color'  itemprop=\"text\" ><p><strong>Sometimes you need to create something truly unique. Folger is always open to your new ideas and special requests.<\/strong><\/p>\n<p><strong><br \/>\nWe provide solutions which<\/strong><\/p>\n<ul>\n<li>may seem unfeasible<\/li>\n<li>are highly complex<\/li>\n<li>surprise consumers<\/li>\n<li>require special attention<\/li>\n<\/ul>\n<\/div><\/section><br \/>\n<div  class='avia-button-wrap av-av_button-1382567a111708493ed326546510638e-wrap avia-button-left  avia-builder-el-23  el_after_av_textblock  avia-builder-el-last '>\n<style type=\"text\/css\" data-created_by=\"avia_inline_auto\" id=\"style-css-av-av_button-1382567a111708493ed326546510638e\">\n#top #wrap_all .avia-button.av-av_button-1382567a111708493ed326546510638e{\nbackground-color:#005f36;\nborder-color:#005f36;\ncolor:#ffffff;\ntransition:all 0.4s ease-in-out;\n}\n<\/style>\n<a href='https:\/\/folger.ee\/en\/custom-packaging-solutions\/?lang=en'  class='avia-button av-av_button-1382567a111708493ed326546510638e av-link-btn avia-icon_select-no avia-size-large avia-position-left'  ><span class='avia_iconbox_title' >Read more<\/span><\/a><\/div><\/p><\/div>\n<\/div><\/div><\/div><!-- close content main div --><\/div><\/div><div id='after_section_3'  class='main_color av_default_container_wrap container_wrap sidebar_right'  ><div class='container av-section-cont-open' ><div class='template-page content  av-content-small alpha units'><div class='post-entry post-entry-type-page post-entry-3491'><div class='entry-content-wrapper clearfix'>\n","protected":false},"excerpt":{"rendered":"","protected":false},"author":1,"featured_media":0,"parent":0,"menu_order":0,"comment_status":"closed","ping_status":"closed","template":"","meta":{"footnotes":""},"class_list":["post-3491","page","type-page","status-publish","hentry"],"_links":{"self":[{"href":"https:\/\/folger.ee\/en\/wp-json\/wp\/v2\/pages\/3491","targetHints":{"allow":["GET"]}}],"collection":[{"href":"https:\/\/folger.ee\/en\/wp-json\/wp\/v2\/pages"}],"about":[{"href":"https:\/\/folger.ee\/en\/wp-json\/wp\/v2\/types\/page"}],"author":[{"embeddable":true,"href":"https:\/\/folger.ee\/en\/wp-json\/wp\/v2\/users\/1"}],"replies":[{"embeddable":true,"href":"https:\/\/folger.ee\/en\/wp-json\/wp\/v2\/comments?post=3491"}],"version-history":[{"count":13,"href":"https:\/\/folger.ee\/en\/wp-json\/wp\/v2\/pages\/3491\/revisions"}],"predecessor-version":[{"id":6841,"href":"https:\/\/folger.ee\/en\/wp-json\/wp\/v2\/pages\/3491\/revisions\/6841"}],"wp:attachment":[{"href":"https:\/\/folger.ee\/en\/wp-json\/wp\/v2\/media?parent=3491"}],"curies":[{"name":"wp","href":"https:\/\/api.w.org\/{rel}","templated":true}]}}