{"id":3886,"date":"2018-07-02T14:22:59","date_gmt":"2018-07-02T12:22:59","guid":{"rendered":"https:\/\/folger.ee\/painotuotteet\/"},"modified":"2020-03-12T14:49:06","modified_gmt":"2020-03-12T12:49:06","slug":"painotuotteet","status":"publish","type":"page","link":"https:\/\/folger.ee\/fi\/painotuotteet\/","title":{"rendered":"Painotuotteet"},"content":{"rendered":"\n<style type=\"text\/css\" data-created_by=\"avia_inline_auto\" id=\"style-css-av-av_heading-9700ada93c232335087d37b34a4ed64b\">\n#top .av-special-heading.av-av_heading-9700ada93c232335087d37b34a4ed64b{\npadding-bottom:0;\n}\nbody .av-special-heading.av-av_heading-9700ada93c232335087d37b34a4ed64b .av-special-heading-tag .heading-char{\nfont-size:25px;\n}\n.av-special-heading.av-av_heading-9700ada93c232335087d37b34a4ed64b .av-subheading{\nfont-size:15px;\n}\n<\/style>\n<div  class='av-special-heading av-av_heading-9700ada93c232335087d37b34a4ed64b av-special-heading-h1 blockquote modern-quote modern-centered  avia-builder-el-0  el_before_av_hr  avia-builder-el-first '><h1 class='av-special-heading-tag'  itemprop=\"headline\"  >Painotuotteet<\/h1><div class=\"special-heading-border\"><div class=\"special-heading-inner-border\"><\/div><\/div><\/div>\n\n<style type=\"text\/css\" data-created_by=\"avia_inline_auto\" id=\"style-css-av-av_hr-0f43f4c0c60732079c06bdec67b86983\">\n#top .hr.av-av_hr-0f43f4c0c60732079c06bdec67b86983{\nmargin-top:20px;\nmargin-bottom:20px;\n}\n.hr.av-av_hr-0f43f4c0c60732079c06bdec67b86983 .hr-inner{\nwidth:50px;\nborder-color:#005f36;\nmax-width:45%;\n}\n.hr.av-av_hr-0f43f4c0c60732079c06bdec67b86983 .av-seperator-icon{\ncolor:#005f36;\n}\n<\/style>\n<div  class='hr av-av_hr-0f43f4c0c60732079c06bdec67b86983 hr-custom  avia-builder-el-1  el_after_av_heading  el_before_av_textblock  hr-center hr-icon-yes'><span class='hr-inner inner-border-av-border-thin'><span class=\"hr-inner-style\"><\/span><\/span><span class='av-seperator-icon' aria-hidden='true' data-av_icon='\ue8c0' data-av_iconfont='entypo-fontello'><\/span><span class='hr-inner inner-border-av-border-thin'><span class=\"hr-inner-style\"><\/span><\/span><\/div>\n\n<style type=\"text\/css\" data-created_by=\"avia_inline_auto\" id=\"style-css-av-av_textblock-60d462bd0bc811363a2e7e31868c0769\">\n#top .av_textblock_section.av-av_textblock-60d462bd0bc811363a2e7e31868c0769 .avia_textblock{\nfont-size:18px;\ncolor:#000000;\n}\n<\/style>\n<section  class='av_textblock_section av-av_textblock-60d462bd0bc811363a2e7e31868c0769 '   itemscope=\"itemscope\" itemtype=\"https:\/\/schema.org\/CreativeWork\" ><div class='avia_textblock av_inherit_color'  itemprop=\"text\" ><p>Tilaa painotuotteesi meilt\u00e4 ja s\u00e4\u00e4st\u00e4t samalla omaa aikaasi !<\/p>\n<p>Folgerin nykyaikainen ja moderni tuotantoprosessi pit\u00e4\u00e4 sis\u00e4ll\u00e4\u00e4n omavaraisen ja monipuolisen\u00a0 painotuotteiden j\u00e4lkik\u00e4sittely yksik\u00f6n, uusilla tehokkailla koneilla ja saman katon alla,- jolloin mitk\u00e4\u00e4n alihankintaketjut eiv\u00e4t ole viivytt\u00e4m\u00e4ss\u00e4 tilattua tuotettasi.<\/p>\n<\/div><\/section>\n<\/div><\/div><\/div><!-- close content main div --><\/div><\/div>\n<style type=\"text\/css\" data-created_by=\"avia_inline_auto\" id=\"style-css-av-av_section-3fccdfda0d9b9ff155148640f98019a5\">\n.avia-section.av-av_section-3fccdfda0d9b9ff155148640f98019a5{\nbackground-color:#eaeaea;\nbackground-image:unset;\n}\n<\/style>\n<div id='biggerbutt'  class='avia-section av-av_section-3fccdfda0d9b9ff155148640f98019a5 main_color avia-section-default avia-shadow  avia-builder-el-3  el_after_av_textblock  el_before_av_section  avia-bg-style-scroll container_wrap sidebar_right'  ><div class='container av-section-cont-open' ><div class='template-page content  av-content-small alpha units'><div class='post-entry post-entry-type-page post-entry-3886'><div class='entry-content-wrapper clearfix'>\n\n<style type=\"text\/css\" data-created_by=\"avia_inline_auto\" id=\"style-css-av-av_one_half-7199356cb1d68f50727093e953985fb3\">\n.flex_column.av-av_one_half-7199356cb1d68f50727093e953985fb3{\nborder-radius:0px 0px 0px 0px;\npadding:0px 0px 0px 0px;\n}\n<\/style>\n<div  class='flex_column av-av_one_half-7199356cb1d68f50727093e953985fb3 av_one_half  avia-builder-el-4  el_before_av_one_half  avia-builder-el-first  first flex_column_div  '     ><style type=\"text\/css\" data-created_by=\"avia_inline_auto\" id=\"style-css-av-av_image-fd14df4f305f5f807960b6b8f9dbfe58\">\n.avia-image-container.av-av_image-fd14df4f305f5f807960b6b8f9dbfe58 img.avia_image{\nbox-shadow:none;\n}\n.avia-image-container.av-av_image-fd14df4f305f5f807960b6b8f9dbfe58 .av-image-caption-overlay-center{\ncolor:#ffffff;\n}\n<\/style>\n<div  class='avia-image-container av-av_image-fd14df4f305f5f807960b6b8f9dbfe58 av-styling-circle av-hover-grow avia-align-left  avia-builder-el-5  avia-builder-el-no-sibling '   itemprop=\"image\" itemscope=\"itemscope\" itemtype=\"https:\/\/schema.org\/ImageObject\" ><div class=\"avia-image-container-inner\"><div class=\"avia-image-overlay-wrap\"><img decoding=\"async\" fetchpriority=\"high\" class='wp-image-1592 avia-img-lazy-loading-not-1592 avia_image ' src=\"https:\/\/folger.ee\/wp-content\/uploads\/2017\/06\/IMG_5602_-tarbetr\u00fckised.jpg\" alt='' title=''  height=\"533\" width=\"800\"  itemprop=\"thumbnailUrl\" srcset=\"https:\/\/folger.ee\/wp-content\/uploads\/2017\/06\/IMG_5602_-tarbetr\u00fckised.jpg 800w, https:\/\/folger.ee\/wp-content\/uploads\/2017\/06\/IMG_5602_-tarbetr\u00fckised-300x200.jpg 300w, https:\/\/folger.ee\/wp-content\/uploads\/2017\/06\/IMG_5602_-tarbetr\u00fckised-768x512.jpg 768w, https:\/\/folger.ee\/wp-content\/uploads\/2017\/06\/IMG_5602_-tarbetr\u00fckised-705x470.jpg 705w, https:\/\/folger.ee\/wp-content\/uploads\/2017\/06\/IMG_5602_-tarbetr\u00fckised-450x300.jpg 450w\" sizes=\"(max-width: 800px) 100vw, 800px\" \/><\/div><\/div><\/div><\/div>\n<style type=\"text\/css\" data-created_by=\"avia_inline_auto\" id=\"style-css-av-av_one_half-0aa7055fe62c3622faec82866afbaeb2\">\n.flex_column.av-av_one_half-0aa7055fe62c3622faec82866afbaeb2{\nborder-radius:0px 0px 0px 0px;\npadding:0px 0px 0px 0px;\n}\n<\/style>\n<div  class='flex_column av-av_one_half-0aa7055fe62c3622faec82866afbaeb2 av_one_half  avia-builder-el-6  el_after_av_one_half  avia-builder-el-last  flex_column_div av-zero-column-padding  '     ><p>\n<style type=\"text\/css\" data-created_by=\"avia_inline_auto\" id=\"style-css-av-av_heading-bf87addb8701ba79d549119f756f6a99\">\n#top .av-special-heading.av-av_heading-bf87addb8701ba79d549119f756f6a99{\npadding-bottom:10px;\n}\nbody .av-special-heading.av-av_heading-bf87addb8701ba79d549119f756f6a99 .av-special-heading-tag .heading-char{\nfont-size:25px;\n}\n.av-special-heading.av-av_heading-bf87addb8701ba79d549119f756f6a99 .av-subheading{\nfont-size:15px;\n}\n<\/style>\n<div  class='av-special-heading av-av_heading-bf87addb8701ba79d549119f756f6a99 av-special-heading-h2 blockquote modern-quote  avia-builder-el-7  el_before_av_textblock  avia-builder-el-first '><h2 class='av-special-heading-tag'  itemprop=\"headline\"  >Pientuotteet<\/h2><div class=\"special-heading-border\"><div class=\"special-heading-inner-border\"><\/div><\/div><\/div><br \/>\n\n<style type=\"text\/css\" data-created_by=\"avia_inline_auto\" id=\"style-css-av-av_textblock-336a86cbd525173a432949c14cbdbbd9\">\n#top .av_textblock_section.av-av_textblock-336a86cbd525173a432949c14cbdbbd9 .avia_textblock{\nfont-size:16px;\ncolor:#000000;\n}\n<\/style>\n<section  class='av_textblock_section av-av_textblock-336a86cbd525173a432949c14cbdbbd9 '   itemscope=\"itemscope\" itemtype=\"https:\/\/schema.org\/CreativeWork\" ><div class='avia_textblock av_inherit_color'  itemprop=\"text\" ><p>My\u00f6s arjessa tarvittavat painotuotteet voivat olla kauniita ja laadukkaita.<br \/>\nFolger painaa tuotteesi nopeasti ja tarjoaa kattavat j\u00e4lkik\u00e4sittelypalvelut.<\/p>\n<p>Painamme:<\/p>\n<ul>\n<li>etiketit ja tarrat<\/li>\n<li>lahjakortit ja liput<\/li>\n<li>k\u00e4yntikortit<\/li>\n<li>ja paljon muuta<\/li>\n<\/ul>\n<\/div><\/section><br \/>\n<div  class='avia-button-wrap av-av_button-e80bfd36f917f4cd1e80de2274ec6347-wrap avia-button-left  avia-builder-el-9  el_after_av_textblock  avia-builder-el-last '>\n<style type=\"text\/css\" data-created_by=\"avia_inline_auto\" id=\"style-css-av-av_button-e80bfd36f917f4cd1e80de2274ec6347\">\n#top #wrap_all .avia-button.av-av_button-e80bfd36f917f4cd1e80de2274ec6347{\nbackground-color:#005f36;\nborder-color:#005f36;\ncolor:#ffffff;\ntransition:all 0.4s ease-in-out;\n}\n<\/style>\n<a href='https:\/\/folger.ee\/fi\/pientuotteet\/'  class='avia-button av-av_button-e80bfd36f917f4cd1e80de2274ec6347 av-link-btn avia-icon_select-no avia-size-large avia-position-left'  ><span class='avia_iconbox_title' >Lue lis\u00e4\u00e4<\/span><\/a><\/div><\/p><\/div>\n\n<\/div><\/div><\/div><!-- close content main div --><\/div><\/div>\n<style type=\"text\/css\" data-created_by=\"avia_inline_auto\" id=\"style-css-av-av_section-f5dc59955592c357b98323ae5257c5ea\">\n.avia-section.av-av_section-f5dc59955592c357b98323ae5257c5ea{\nbackground-color:#ffffff;\nbackground-image:unset;\n}\n<\/style>\n<div id='biggerbutt'  class='avia-section av-av_section-f5dc59955592c357b98323ae5257c5ea main_color avia-section-default avia-shadow  avia-builder-el-10  el_after_av_section  el_before_av_section  avia-bg-style-scroll container_wrap sidebar_right'  ><div class='container av-section-cont-open' ><div class='template-page content  av-content-small alpha units'><div class='post-entry post-entry-type-page post-entry-3886'><div class='entry-content-wrapper clearfix'>\n\n<style type=\"text\/css\" data-created_by=\"avia_inline_auto\" id=\"style-css-av-av_one_half-6126cab7d8fab8d08143dd2dacdf673c\">\n.flex_column.av-av_one_half-6126cab7d8fab8d08143dd2dacdf673c{\nborder-radius:0px 0px 0px 0px;\npadding:0px 0px 0px 0px;\n}\n<\/style>\n<div  class='flex_column av-av_one_half-6126cab7d8fab8d08143dd2dacdf673c av_one_half  avia-builder-el-11  el_before_av_one_half  avia-builder-el-first  first flex_column_div av-zero-column-padding  '     ><p>\n<style type=\"text\/css\" data-created_by=\"avia_inline_auto\" id=\"style-css-av-av_heading-a185749425e1af0a3aa93f5eeb15030a\">\n#top .av-special-heading.av-av_heading-a185749425e1af0a3aa93f5eeb15030a{\npadding-bottom:10px;\n}\nbody .av-special-heading.av-av_heading-a185749425e1af0a3aa93f5eeb15030a .av-special-heading-tag .heading-char{\nfont-size:25px;\n}\n.av-special-heading.av-av_heading-a185749425e1af0a3aa93f5eeb15030a .av-subheading{\nfont-size:15px;\n}\n<\/style>\n<div  class='av-special-heading av-av_heading-a185749425e1af0a3aa93f5eeb15030a av-special-heading-h2 blockquote modern-quote  avia-builder-el-12  el_before_av_textblock  avia-builder-el-first '><h2 class='av-special-heading-tag'  itemprop=\"headline\"  >Mainokset<\/h2><div class=\"special-heading-border\"><div class=\"special-heading-inner-border\"><\/div><\/div><\/div><br \/>\n\n<style type=\"text\/css\" data-created_by=\"avia_inline_auto\" id=\"style-css-av-av_textblock-336a86cbd525173a432949c14cbdbbd9\">\n#top .av_textblock_section.av-av_textblock-336a86cbd525173a432949c14cbdbbd9 .avia_textblock{\nfont-size:16px;\ncolor:#000000;\n}\n<\/style>\n<section  class='av_textblock_section av-av_textblock-336a86cbd525173a432949c14cbdbbd9 '   itemscope=\"itemscope\" itemtype=\"https:\/\/schema.org\/CreativeWork\" ><div class='avia_textblock av_inherit_color'  itemprop=\"text\" ><p>Ammattitaidolla tehdyt mainokset saavat asiakkaat kiinnostumaan. Folger toimittaa suuremmatkin tilaukset nopeasti.<\/p>\n<p>Meilt\u00e4 saa:<\/p>\n<ul>\n<li>luettelot ja esitteet<\/li>\n<li>hyllypuhujat<\/li>\n<li>kalenterit ja julisteet<\/li>\n<li>ja paljon muuta<\/li>\n<\/ul>\n<\/div><\/section><br \/>\n<div  class='avia-button-wrap av-av_button-2e7e75743802e1d98d089ec34dcbe5b8-wrap avia-button-left  avia-builder-el-14  el_after_av_textblock  avia-builder-el-last '>\n<style type=\"text\/css\" data-created_by=\"avia_inline_auto\" id=\"style-css-av-av_button-2e7e75743802e1d98d089ec34dcbe5b8\">\n#top #wrap_all .avia-button.av-av_button-2e7e75743802e1d98d089ec34dcbe5b8{\nbackground-color:#005f36;\nborder-color:#005f36;\ncolor:#ffffff;\ntransition:all 0.4s ease-in-out;\n}\n<\/style>\n<a href='https:\/\/folger.ee\/fi\/mainokset\/'  class='avia-button av-av_button-2e7e75743802e1d98d089ec34dcbe5b8 av-link-btn avia-icon_select-no avia-size-large avia-position-left'  ><span class='avia_iconbox_title' >Lue lis\u00e4\u00e4<\/span><\/a><\/div><\/p><\/div>\n<style type=\"text\/css\" data-created_by=\"avia_inline_auto\" id=\"style-css-av-av_one_half-5abf35bc7f35bc3cfd48011fcc4b06ef\">\n.flex_column.av-av_one_half-5abf35bc7f35bc3cfd48011fcc4b06ef{\nborder-radius:0px 0px 0px 0px;\npadding:0px 0px 0px 0px;\n}\n<\/style>\n<div  class='flex_column av-av_one_half-5abf35bc7f35bc3cfd48011fcc4b06ef av_one_half  avia-builder-el-15  el_after_av_one_half  avia-builder-el-last  flex_column_div  '     ><style type=\"text\/css\" data-created_by=\"avia_inline_auto\" id=\"style-css-av-av_image-72c4aa67ead95ff80b5b0aff25b3fdec\">\n.avia-image-container.av-av_image-72c4aa67ead95ff80b5b0aff25b3fdec img.avia_image{\nbox-shadow:none;\n}\n.avia-image-container.av-av_image-72c4aa67ead95ff80b5b0aff25b3fdec .av-image-caption-overlay-center{\ncolor:#ffffff;\n}\n<\/style>\n<div  class='avia-image-container av-av_image-72c4aa67ead95ff80b5b0aff25b3fdec av-styling-circle av-hover-grow avia-align-left  avia-builder-el-16  avia-builder-el-no-sibling '   itemprop=\"image\" itemscope=\"itemscope\" itemtype=\"https:\/\/schema.org\/ImageObject\" ><div class=\"avia-image-container-inner\"><div class=\"avia-image-overlay-wrap\"><img decoding=\"async\" fetchpriority=\"high\" class='wp-image-1586 avia-img-lazy-loading-not-1586 avia_image ' src=\"https:\/\/folger.ee\/wp-content\/uploads\/2017\/06\/IMG_5578_-reklaamtr\u00fckised.jpg\" alt='' title=''  height=\"533\" width=\"800\"  itemprop=\"thumbnailUrl\" srcset=\"https:\/\/folger.ee\/wp-content\/uploads\/2017\/06\/IMG_5578_-reklaamtr\u00fckised.jpg 800w, https:\/\/folger.ee\/wp-content\/uploads\/2017\/06\/IMG_5578_-reklaamtr\u00fckised-300x200.jpg 300w, https:\/\/folger.ee\/wp-content\/uploads\/2017\/06\/IMG_5578_-reklaamtr\u00fckised-768x512.jpg 768w, https:\/\/folger.ee\/wp-content\/uploads\/2017\/06\/IMG_5578_-reklaamtr\u00fckised-705x470.jpg 705w, https:\/\/folger.ee\/wp-content\/uploads\/2017\/06\/IMG_5578_-reklaamtr\u00fckised-450x300.jpg 450w\" sizes=\"(max-width: 800px) 100vw, 800px\" \/><\/div><\/div><\/div><\/div>\n\n<\/div><\/div><\/div><!-- close content main div --><\/div><\/div>\n<style type=\"text\/css\" data-created_by=\"avia_inline_auto\" id=\"style-css-av-av_section-3fccdfda0d9b9ff155148640f98019a5\">\n.avia-section.av-av_section-3fccdfda0d9b9ff155148640f98019a5{\nbackground-color:#eaeaea;\nbackground-image:unset;\n}\n<\/style>\n<div id='biggerbutt'  class='avia-section av-av_section-3fccdfda0d9b9ff155148640f98019a5 main_color avia-section-default avia-shadow  avia-builder-el-17  el_after_av_section  el_before_av_section  avia-bg-style-scroll container_wrap sidebar_right'  ><div class='container av-section-cont-open' ><div class='template-page content  av-content-small alpha units'><div class='post-entry post-entry-type-page post-entry-3886'><div class='entry-content-wrapper clearfix'>\n\n<style type=\"text\/css\" data-created_by=\"avia_inline_auto\" id=\"style-css-av-av_one_half-7199356cb1d68f50727093e953985fb3\">\n.flex_column.av-av_one_half-7199356cb1d68f50727093e953985fb3{\nborder-radius:0px 0px 0px 0px;\npadding:0px 0px 0px 0px;\n}\n<\/style>\n<div  class='flex_column av-av_one_half-7199356cb1d68f50727093e953985fb3 av_one_half  avia-builder-el-18  el_before_av_one_half  avia-builder-el-first  first flex_column_div  '     ><style type=\"text\/css\" data-created_by=\"avia_inline_auto\" id=\"style-css-av-av_image-41a3a94e4b37d3a543ff2b65f7df743e\">\n.avia-image-container.av-av_image-41a3a94e4b37d3a543ff2b65f7df743e img.avia_image{\nbox-shadow:none;\n}\n.avia-image-container.av-av_image-41a3a94e4b37d3a543ff2b65f7df743e .av-image-caption-overlay-center{\ncolor:#ffffff;\n}\n<\/style>\n<div  class='avia-image-container av-av_image-41a3a94e4b37d3a543ff2b65f7df743e av-styling-circle av-hover-grow avia-align-left  avia-builder-el-19  avia-builder-el-no-sibling '   itemprop=\"image\" itemscope=\"itemscope\" itemtype=\"https:\/\/schema.org\/ImageObject\" ><div class=\"avia-image-container-inner\"><div class=\"avia-image-overlay-wrap\"><img decoding=\"async\" fetchpriority=\"high\" class='wp-image-1934 avia-img-lazy-loading-not-1934 avia_image ' src=\"https:\/\/folger.ee\/wp-content\/uploads\/2017\/06\/IMG_0316-495x400.jpg\" alt='' title=''  height=\"400\" width=\"495\"  itemprop=\"thumbnailUrl\" srcset=\"https:\/\/folger.ee\/wp-content\/uploads\/2017\/06\/IMG_0316-495x400.jpg 495w, https:\/\/folger.ee\/wp-content\/uploads\/2017\/06\/IMG_0316-845x684.jpg 845w\" sizes=\"(max-width: 495px) 100vw, 495px\" \/><\/div><\/div><\/div><\/div>\n<style type=\"text\/css\" data-created_by=\"avia_inline_auto\" id=\"style-css-av-av_one_half-0aa7055fe62c3622faec82866afbaeb2\">\n.flex_column.av-av_one_half-0aa7055fe62c3622faec82866afbaeb2{\nborder-radius:0px 0px 0px 0px;\npadding:0px 0px 0px 0px;\n}\n<\/style>\n<div  class='flex_column av-av_one_half-0aa7055fe62c3622faec82866afbaeb2 av_one_half  avia-builder-el-20  el_after_av_one_half  avia-builder-el-last  flex_column_div av-zero-column-padding  '     ><p>\n<style type=\"text\/css\" data-created_by=\"avia_inline_auto\" id=\"style-css-av-av_heading-98a002784242b12b202fe4b7444891b3\">\n#top .av-special-heading.av-av_heading-98a002784242b12b202fe4b7444891b3{\npadding-bottom:10px;\n}\nbody .av-special-heading.av-av_heading-98a002784242b12b202fe4b7444891b3 .av-special-heading-tag .heading-char{\nfont-size:25px;\n}\n.av-special-heading.av-av_heading-98a002784242b12b202fe4b7444891b3 .av-subheading{\nfont-size:15px;\n}\n<\/style>\n<div  class='av-special-heading av-av_heading-98a002784242b12b202fe4b7444891b3 av-special-heading-h2 blockquote modern-quote  avia-builder-el-21  el_before_av_textblock  avia-builder-el-first '><h2 class='av-special-heading-tag'  itemprop=\"headline\"  >Digipainatus<\/h2><div class=\"special-heading-border\"><div class=\"special-heading-inner-border\"><\/div><\/div><\/div><br \/>\n\n<style type=\"text\/css\" data-created_by=\"avia_inline_auto\" id=\"style-css-av-av_textblock-336a86cbd525173a432949c14cbdbbd9\">\n#top .av_textblock_section.av-av_textblock-336a86cbd525173a432949c14cbdbbd9 .avia_textblock{\nfont-size:16px;\ncolor:#000000;\n}\n<\/style>\n<section  class='av_textblock_section av-av_textblock-336a86cbd525173a432949c14cbdbbd9 '   itemscope=\"itemscope\" itemtype=\"https:\/\/schema.org\/CreativeWork\" ><div class='avia_textblock av_inherit_color'  itemprop=\"text\" ><p>Pienist\u00e4 m\u00e4\u00e4rist\u00e4 isoihin tarroihin \u2013 Folgerilta saat edullisen ja j\u00e4rkev\u00e4n tarjouksen.<\/p>\n<p>Digipainamme<\/p>\n<ul>\n<li>lomakkeet ja kirjekuoret<\/li>\n<li>ulkotarrat ja -mainokset<\/li>\n<li>roll-up-bannerit<\/li>\n<li>ja paljon muuta<\/li>\n<\/ul>\n<\/div><\/section><br \/>\n<div  class='avia-button-wrap av-av_button-81fd08d16387f788050e6dcf8211a84a-wrap avia-button-left  avia-builder-el-23  el_after_av_textblock  avia-builder-el-last '>\n<style type=\"text\/css\" data-created_by=\"avia_inline_auto\" id=\"style-css-av-av_button-81fd08d16387f788050e6dcf8211a84a\">\n#top #wrap_all .avia-button.av-av_button-81fd08d16387f788050e6dcf8211a84a{\nbackground-color:#005f36;\nborder-color:#005f36;\ncolor:#ffffff;\ntransition:all 0.4s ease-in-out;\n}\n<\/style>\n<a href='https:\/\/folger.ee\/fi\/digipainatus\/'  class='avia-button av-av_button-81fd08d16387f788050e6dcf8211a84a av-link-btn avia-icon_select-no avia-size-large avia-position-left'  ><span class='avia_iconbox_title' >Lue lis\u00e4\u00e4<\/span><\/a><\/div><\/p><\/div>\n\n<\/div><\/div><\/div><!-- close content main div --><\/div><\/div>\n<style type=\"text\/css\" data-created_by=\"avia_inline_auto\" id=\"style-css-av-av_section-f5dc59955592c357b98323ae5257c5ea\">\n.avia-section.av-av_section-f5dc59955592c357b98323ae5257c5ea{\nbackground-color:#ffffff;\nbackground-image:unset;\n}\n<\/style>\n<div id='biggerbutt'  class='avia-section av-av_section-f5dc59955592c357b98323ae5257c5ea main_color avia-section-default avia-shadow  avia-builder-el-24  el_after_av_section  avia-builder-el-last  avia-bg-style-scroll container_wrap sidebar_right'  ><div class='container av-section-cont-open' ><div class='template-page content  av-content-small alpha units'><div class='post-entry post-entry-type-page post-entry-3886'><div class='entry-content-wrapper clearfix'>\n\n<style type=\"text\/css\" data-created_by=\"avia_inline_auto\" id=\"style-css-av-av_one_half-6126cab7d8fab8d08143dd2dacdf673c\">\n.flex_column.av-av_one_half-6126cab7d8fab8d08143dd2dacdf673c{\nborder-radius:0px 0px 0px 0px;\npadding:0px 0px 0px 0px;\n}\n<\/style>\n<div  class='flex_column av-av_one_half-6126cab7d8fab8d08143dd2dacdf673c av_one_half  avia-builder-el-25  el_before_av_one_half  avia-builder-el-first  first flex_column_div av-zero-column-padding  '     ><p>\n<style type=\"text\/css\" data-created_by=\"avia_inline_auto\" id=\"style-css-av-av_heading-32c40528bcca596654066fed1e3fdfe5\">\n#top .av-special-heading.av-av_heading-32c40528bcca596654066fed1e3fdfe5{\npadding-bottom:10px;\n}\nbody .av-special-heading.av-av_heading-32c40528bcca596654066fed1e3fdfe5 .av-special-heading-tag .heading-char{\nfont-size:25px;\n}\n.av-special-heading.av-av_heading-32c40528bcca596654066fed1e3fdfe5 .av-subheading{\nfont-size:15px;\n}\n<\/style>\n<div  class='av-special-heading av-av_heading-32c40528bcca596654066fed1e3fdfe5 av-special-heading-h2 blockquote modern-quote  avia-builder-el-26  el_before_av_textblock  avia-builder-el-first '><h2 class='av-special-heading-tag'  itemprop=\"headline\"  >Erikoispainatus<\/h2><div class=\"special-heading-border\"><div class=\"special-heading-inner-border\"><\/div><\/div><\/div><br \/>\n\n<style type=\"text\/css\" data-created_by=\"avia_inline_auto\" id=\"style-css-av-av_textblock-336a86cbd525173a432949c14cbdbbd9\">\n#top .av_textblock_section.av-av_textblock-336a86cbd525173a432949c14cbdbbd9 .avia_textblock{\nfont-size:16px;\ncolor:#000000;\n}\n<\/style>\n<section  class='av_textblock_section av-av_textblock-336a86cbd525173a432949c14cbdbbd9 '   itemscope=\"itemscope\" itemtype=\"https:\/\/schema.org\/CreativeWork\" ><div class='avia_textblock av_inherit_color'  itemprop=\"text\" ><p>Paperista tehty siili tai vaikkapa yrityksen logolla varustetut pelikortit? Folgerin kokenut tiimi auttaa toteuttamaan kaikki ideasi.<\/p>\n<p>Painamme:<\/p>\n<ul>\n<li>muodoltaan erikoisimmat tuotteet<\/li>\n<li>pelikortit ja esitteet<\/li>\n<li>isot mainostarrat<\/li>\n<li>ja paljon muuta<\/li>\n<\/ul>\n<\/div><\/section><br \/>\n<div  class='avia-button-wrap av-av_button-8ff5ed9ea15c91ff88b563a8d4e33595-wrap avia-button-left  avia-builder-el-28  el_after_av_textblock  avia-builder-el-last '>\n<style type=\"text\/css\" data-created_by=\"avia_inline_auto\" id=\"style-css-av-av_button-8ff5ed9ea15c91ff88b563a8d4e33595\">\n#top #wrap_all .avia-button.av-av_button-8ff5ed9ea15c91ff88b563a8d4e33595{\nbackground-color:#005f36;\nborder-color:#005f36;\ncolor:#ffffff;\ntransition:all 0.4s ease-in-out;\n}\n<\/style>\n<a href='https:\/\/folger.ee\/fi\/erikoispainatus\/'  class='avia-button av-av_button-8ff5ed9ea15c91ff88b563a8d4e33595 av-link-btn avia-icon_select-no avia-size-large avia-position-left'  ><span class='avia_iconbox_title' >Lue lis\u00e4\u00e4<\/span><\/a><\/div><\/p><\/div>\n<style type=\"text\/css\" data-created_by=\"avia_inline_auto\" id=\"style-css-av-av_one_half-5abf35bc7f35bc3cfd48011fcc4b06ef\">\n.flex_column.av-av_one_half-5abf35bc7f35bc3cfd48011fcc4b06ef{\nborder-radius:0px 0px 0px 0px;\npadding:0px 0px 0px 0px;\n}\n<\/style>\n<div  class='flex_column av-av_one_half-5abf35bc7f35bc3cfd48011fcc4b06ef av_one_half  avia-builder-el-29  el_after_av_one_half  avia-builder-el-last  flex_column_div  '     ><style type=\"text\/css\" data-created_by=\"avia_inline_auto\" id=\"style-css-av-av_image-a8ed0c9e21f20af16a5979c3add95932\">\n.avia-image-container.av-av_image-a8ed0c9e21f20af16a5979c3add95932 img.avia_image{\nbox-shadow:none;\n}\n.avia-image-container.av-av_image-a8ed0c9e21f20af16a5979c3add95932 .av-image-caption-overlay-center{\ncolor:#ffffff;\n}\n<\/style>\n<div  class='avia-image-container av-av_image-a8ed0c9e21f20af16a5979c3add95932 av-styling-circle av-hover-grow avia-align-left  avia-builder-el-30  avia-builder-el-no-sibling '   itemprop=\"image\" itemscope=\"itemscope\" itemtype=\"https:\/\/schema.org\/ImageObject\" ><div class=\"avia-image-container-inner\"><div class=\"avia-image-overlay-wrap\"><img decoding=\"async\" fetchpriority=\"high\" class='wp-image-1590 avia-img-lazy-loading-not-1590 avia_image ' src=\"https:\/\/folger.ee\/wp-content\/uploads\/2017\/06\/IMG_5595_-tr\u00fcki-erilahendused.jpg\" alt='' title=''  height=\"533\" width=\"800\"  itemprop=\"thumbnailUrl\" srcset=\"https:\/\/folger.ee\/wp-content\/uploads\/2017\/06\/IMG_5595_-tr\u00fcki-erilahendused.jpg 800w, https:\/\/folger.ee\/wp-content\/uploads\/2017\/06\/IMG_5595_-tr\u00fcki-erilahendused-300x200.jpg 300w, https:\/\/folger.ee\/wp-content\/uploads\/2017\/06\/IMG_5595_-tr\u00fcki-erilahendused-768x512.jpg 768w, https:\/\/folger.ee\/wp-content\/uploads\/2017\/06\/IMG_5595_-tr\u00fcki-erilahendused-705x470.jpg 705w, https:\/\/folger.ee\/wp-content\/uploads\/2017\/06\/IMG_5595_-tr\u00fcki-erilahendused-450x300.jpg 450w\" sizes=\"(max-width: 800px) 100vw, 800px\" \/><\/div><\/div><\/div><\/div><\/div><\/div><\/div><!-- close content main div --><\/div><\/div><div id='after_section_4'  class='main_color av_default_container_wrap container_wrap sidebar_right'  ><div class='container av-section-cont-open' ><div class='template-page content  av-content-small alpha units'><div class='post-entry post-entry-type-page post-entry-3886'><div class='entry-content-wrapper clearfix'>\n","protected":false},"excerpt":{"rendered":"","protected":false},"author":1,"featured_media":0,"parent":0,"menu_order":0,"comment_status":"closed","ping_status":"closed","template":"","meta":{"footnotes":""},"class_list":["post-3886","page","type-page","status-publish","hentry"],"_links":{"self":[{"href":"https:\/\/folger.ee\/fi\/wp-json\/wp\/v2\/pages\/3886","targetHints":{"allow":["GET"]}}],"collection":[{"href":"https:\/\/folger.ee\/fi\/wp-json\/wp\/v2\/pages"}],"about":[{"href":"https:\/\/folger.ee\/fi\/wp-json\/wp\/v2\/types\/page"}],"author":[{"embeddable":true,"href":"https:\/\/folger.ee\/fi\/wp-json\/wp\/v2\/users\/1"}],"replies":[{"embeddable":true,"href":"https:\/\/folger.ee\/fi\/wp-json\/wp\/v2\/comments?post=3886"}],"version-history":[{"count":5,"href":"https:\/\/folger.ee\/fi\/wp-json\/wp\/v2\/pages\/3886\/revisions"}],"predecessor-version":[{"id":5088,"href":"https:\/\/folger.ee\/fi\/wp-json\/wp\/v2\/pages\/3886\/revisions\/5088"}],"wp:attachment":[{"href":"https:\/\/folger.ee\/fi\/wp-json\/wp\/v2\/media?parent=3886"}],"curies":[{"name":"wp","href":"https:\/\/api.w.org\/{rel}","templated":true}]}}