{"id":3887,"date":"2018-07-02T14:23:00","date_gmt":"2018-07-02T12:23:00","guid":{"rendered":"https:\/\/folger.ee\/pakkaukset\/"},"modified":"2018-08-29T13:27:46","modified_gmt":"2018-08-29T11:27:46","slug":"pakkaukset","status":"publish","type":"page","link":"https:\/\/folger.ee\/fi\/pakkaukset\/","title":{"rendered":"Pakkaukset"},"content":{"rendered":"\n<style type=\"text\/css\" data-created_by=\"avia_inline_auto\" id=\"style-css-av-av_heading-17cce1888ddb1bcd0e5871751b12a32b\">\n#top .av-special-heading.av-av_heading-17cce1888ddb1bcd0e5871751b12a32b{\npadding-bottom:0;\n}\nbody .av-special-heading.av-av_heading-17cce1888ddb1bcd0e5871751b12a32b .av-special-heading-tag .heading-char{\nfont-size:25px;\n}\n.av-special-heading.av-av_heading-17cce1888ddb1bcd0e5871751b12a32b .av-subheading{\nfont-size:15px;\n}\n<\/style>\n<div  class='av-special-heading av-av_heading-17cce1888ddb1bcd0e5871751b12a32b av-special-heading-h1 blockquote modern-quote modern-centered  avia-builder-el-0  el_before_av_hr  avia-builder-el-first '><h1 class='av-special-heading-tag'  itemprop=\"headline\"  >Pakkaukset<\/h1><div class=\"special-heading-border\"><div class=\"special-heading-inner-border\"><\/div><\/div><\/div>\n\n<style type=\"text\/css\" data-created_by=\"avia_inline_auto\" id=\"style-css-av-av_hr-0f43f4c0c60732079c06bdec67b86983\">\n#top .hr.av-av_hr-0f43f4c0c60732079c06bdec67b86983{\nmargin-top:20px;\nmargin-bottom:20px;\n}\n.hr.av-av_hr-0f43f4c0c60732079c06bdec67b86983 .hr-inner{\nwidth:50px;\nborder-color:#005f36;\nmax-width:45%;\n}\n.hr.av-av_hr-0f43f4c0c60732079c06bdec67b86983 .av-seperator-icon{\ncolor:#005f36;\n}\n<\/style>\n<div  class='hr av-av_hr-0f43f4c0c60732079c06bdec67b86983 hr-custom  avia-builder-el-1  el_after_av_heading  el_before_av_textblock  hr-center hr-icon-yes'><span class='hr-inner inner-border-av-border-thin'><span class=\"hr-inner-style\"><\/span><\/span><span class='av-seperator-icon' aria-hidden='true' data-av_icon='\ue8c0' data-av_iconfont='entypo-fontello'><\/span><span class='hr-inner inner-border-av-border-thin'><span class=\"hr-inner-style\"><\/span><\/span><\/div>\n\n<style type=\"text\/css\" data-created_by=\"avia_inline_auto\" id=\"style-css-av-av_textblock-60d462bd0bc811363a2e7e31868c0769\">\n#top .av_textblock_section.av-av_textblock-60d462bd0bc811363a2e7e31868c0769 .avia_textblock{\nfont-size:18px;\ncolor:#000000;\n}\n<\/style>\n<section  class='av_textblock_section av-av_textblock-60d462bd0bc811363a2e7e31868c0769 '   itemscope=\"itemscope\" itemtype=\"https:\/\/schema.org\/CreativeWork\" ><div class='avia_textblock av_inherit_color'  itemprop=\"text\" ><p style=\"text-align: center;\">Laadukkaat ja muista erottuvat pakkaukset on helppo toteuttaa silloin, kun painotalo osallistuu aktiivisesti suunnitteluun.<\/p>\n<\/div><\/section>\n<\/div><\/div><\/div><!-- close content main div --><\/div><\/div>\n<style type=\"text\/css\" data-created_by=\"avia_inline_auto\" id=\"style-css-av-av_section-3fccdfda0d9b9ff155148640f98019a5\">\n.avia-section.av-av_section-3fccdfda0d9b9ff155148640f98019a5{\nbackground-color:#eaeaea;\nbackground-image:unset;\n}\n<\/style>\n<div id='biggerbutt'  class='avia-section av-av_section-3fccdfda0d9b9ff155148640f98019a5 main_color avia-section-default avia-shadow  avia-builder-el-3  el_after_av_textblock  el_before_av_section  avia-bg-style-scroll container_wrap sidebar_right'  ><div class='container av-section-cont-open' ><div class='template-page content  av-content-small alpha units'><div class='post-entry post-entry-type-page post-entry-3887'><div class='entry-content-wrapper clearfix'>\n\n<style type=\"text\/css\" data-created_by=\"avia_inline_auto\" id=\"style-css-av-av_one_half-7199356cb1d68f50727093e953985fb3\">\n.flex_column.av-av_one_half-7199356cb1d68f50727093e953985fb3{\nborder-radius:0px 0px 0px 0px;\npadding:0px 0px 0px 0px;\n}\n<\/style>\n<div  class='flex_column av-av_one_half-7199356cb1d68f50727093e953985fb3 av_one_half  avia-builder-el-4  el_before_av_one_half  avia-builder-el-first  first flex_column_div  '     ><style type=\"text\/css\" data-created_by=\"avia_inline_auto\" id=\"style-css-av-av_image-52f22c0da6a698067efce5fc4aa60ee3\">\n.avia-image-container.av-av_image-52f22c0da6a698067efce5fc4aa60ee3 img.avia_image{\nbox-shadow:none;\n}\n.avia-image-container.av-av_image-52f22c0da6a698067efce5fc4aa60ee3 .av-image-caption-overlay-center{\ncolor:#ffffff;\n}\n<\/style>\n<div  class='avia-image-container av-av_image-52f22c0da6a698067efce5fc4aa60ee3 av-styling-circle av-hover-grow avia-align-left  avia-builder-el-5  avia-builder-el-no-sibling '   itemprop=\"image\" itemscope=\"itemscope\" itemtype=\"https:\/\/schema.org\/ImageObject\" ><div class=\"avia-image-container-inner\"><div class=\"avia-image-overlay-wrap\"><img decoding=\"async\" fetchpriority=\"high\" class='wp-image-1572 avia-img-lazy-loading-not-1572 avia_image ' src=\"https:\/\/folger.ee\/wp-content\/uploads\/2017\/06\/IMG_5518_-m\u00fc\u00fcgipakend.jpg\" alt='' title=''  height=\"533\" width=\"800\"  itemprop=\"thumbnailUrl\" srcset=\"https:\/\/folger.ee\/wp-content\/uploads\/2017\/06\/IMG_5518_-m\u00fc\u00fcgipakend.jpg 800w, https:\/\/folger.ee\/wp-content\/uploads\/2017\/06\/IMG_5518_-m\u00fc\u00fcgipakend-300x200.jpg 300w, https:\/\/folger.ee\/wp-content\/uploads\/2017\/06\/IMG_5518_-m\u00fc\u00fcgipakend-768x512.jpg 768w, https:\/\/folger.ee\/wp-content\/uploads\/2017\/06\/IMG_5518_-m\u00fc\u00fcgipakend-705x470.jpg 705w, https:\/\/folger.ee\/wp-content\/uploads\/2017\/06\/IMG_5518_-m\u00fc\u00fcgipakend-450x300.jpg 450w\" sizes=\"(max-width: 800px) 100vw, 800px\" \/><\/div><\/div><\/div><\/div>\n<style type=\"text\/css\" data-created_by=\"avia_inline_auto\" id=\"style-css-av-av_one_half-0aa7055fe62c3622faec82866afbaeb2\">\n.flex_column.av-av_one_half-0aa7055fe62c3622faec82866afbaeb2{\nborder-radius:0px 0px 0px 0px;\npadding:0px 0px 0px 0px;\n}\n<\/style>\n<div  class='flex_column av-av_one_half-0aa7055fe62c3622faec82866afbaeb2 av_one_half  avia-builder-el-6  el_after_av_one_half  avia-builder-el-last  flex_column_div av-zero-column-padding  '     ><p>\n<style type=\"text\/css\" data-created_by=\"avia_inline_auto\" id=\"style-css-av-av_heading-be462d22cff5300f9eb3e0d40e1f9097\">\n#top .av-special-heading.av-av_heading-be462d22cff5300f9eb3e0d40e1f9097{\npadding-bottom:10px;\n}\nbody .av-special-heading.av-av_heading-be462d22cff5300f9eb3e0d40e1f9097 .av-special-heading-tag .heading-char{\nfont-size:25px;\n}\n.av-special-heading.av-av_heading-be462d22cff5300f9eb3e0d40e1f9097 .av-subheading{\nfont-size:15px;\n}\n<\/style>\n<div  class='av-special-heading av-av_heading-be462d22cff5300f9eb3e0d40e1f9097 av-special-heading-h2 blockquote modern-quote  avia-builder-el-7  el_before_av_textblock  avia-builder-el-first '><h2 class='av-special-heading-tag'  itemprop=\"headline\"  >Tuotepakkaus<\/h2><div class=\"special-heading-border\"><div class=\"special-heading-inner-border\"><\/div><\/div><\/div><br \/>\n\n<style type=\"text\/css\" data-created_by=\"avia_inline_auto\" id=\"style-css-av-av_textblock-336a86cbd525173a432949c14cbdbbd9\">\n#top .av_textblock_section.av-av_textblock-336a86cbd525173a432949c14cbdbbd9 .avia_textblock{\nfont-size:16px;\ncolor:#000000;\n}\n<\/style>\n<section  class='av_textblock_section av-av_textblock-336a86cbd525173a432949c14cbdbbd9 '   itemscope=\"itemscope\" itemtype=\"https:\/\/schema.org\/CreativeWork\" ><div class='avia_textblock av_inherit_color'  itemprop=\"text\" ><p><strong>Tuotepakkaus ei ole koskaan pelkk\u00e4 pakkaus \u2013 se on osa huolella harkittua myyntistrategiaa. Autamme l\u00f6yt\u00e4m\u00e4\u00e4n edulliset ja toimivat ratkaisut.<\/strong><\/p>\n<p><strong><br \/>\nValmistamme pakkauksia <\/strong><\/p>\n<ul>\n<li>elintarviketeollisuudelle<\/li>\n<li>kosmetiikkateollisuudelle<\/li>\n<li>elektroniikkateollisuudelle<\/li>\n<li>ja kaikille muille<\/li>\n<\/ul>\n<\/div><\/section><br \/>\n<div  class='avia-button-wrap av-av_button-9a61529590b917b64652da0a8cb3000d-wrap avia-button-left  avia-builder-el-9  el_after_av_textblock  avia-builder-el-last '>\n<style type=\"text\/css\" data-created_by=\"avia_inline_auto\" id=\"style-css-av-av_button-9a61529590b917b64652da0a8cb3000d\">\n#top #wrap_all .avia-button.av-av_button-9a61529590b917b64652da0a8cb3000d{\nbackground-color:#005f36;\nborder-color:#005f36;\ncolor:#ffffff;\ntransition:all 0.4s ease-in-out;\n}\n<\/style>\n<a href='https:\/\/folger.ee\/fi\/tuotepakkaukset\/'  class='avia-button av-av_button-9a61529590b917b64652da0a8cb3000d av-link-btn avia-icon_select-no avia-size-large avia-position-left'  ><span class='avia_iconbox_title' >Lue lis\u00e4\u00e4<\/span><\/a><\/div><\/p><\/div><\/div><\/div><\/div><!-- close content main div --><\/div><\/div>\n<style type=\"text\/css\" data-created_by=\"avia_inline_auto\" id=\"style-css-av-av_section-f5dc59955592c357b98323ae5257c5ea\">\n.avia-section.av-av_section-f5dc59955592c357b98323ae5257c5ea{\nbackground-color:#ffffff;\nbackground-image:unset;\n}\n<\/style>\n<div id='biggerbutt'  class='avia-section av-av_section-f5dc59955592c357b98323ae5257c5ea main_color avia-section-default avia-shadow  avia-builder-el-10  el_after_av_section  el_before_av_section  avia-bg-style-scroll container_wrap sidebar_right'  ><div class='container av-section-cont-open' ><div class='template-page content  av-content-small alpha units'><div class='post-entry post-entry-type-page post-entry-3887'><div class='entry-content-wrapper clearfix'>\n\n<style type=\"text\/css\" data-created_by=\"avia_inline_auto\" id=\"style-css-av-av_one_half-6126cab7d8fab8d08143dd2dacdf673c\">\n.flex_column.av-av_one_half-6126cab7d8fab8d08143dd2dacdf673c{\nborder-radius:0px 0px 0px 0px;\npadding:0px 0px 0px 0px;\n}\n<\/style>\n<div  class='flex_column av-av_one_half-6126cab7d8fab8d08143dd2dacdf673c av_one_half  avia-builder-el-11  el_before_av_one_half  avia-builder-el-first  first flex_column_div av-zero-column-padding  '     ><p>\n<style type=\"text\/css\" data-created_by=\"avia_inline_auto\" id=\"style-css-av-av_heading-ad0f930595568fca769915d2950a9d09\">\n#top .av-special-heading.av-av_heading-ad0f930595568fca769915d2950a9d09{\npadding-bottom:10px;\n}\nbody .av-special-heading.av-av_heading-ad0f930595568fca769915d2950a9d09 .av-special-heading-tag .heading-char{\nfont-size:25px;\n}\n.av-special-heading.av-av_heading-ad0f930595568fca769915d2950a9d09 .av-subheading{\nfont-size:15px;\n}\n<\/style>\n<div  class='av-special-heading av-av_heading-ad0f930595568fca769915d2950a9d09 av-special-heading-h2 blockquote modern-quote  avia-builder-el-12  el_before_av_textblock  avia-builder-el-first '><h2 class='av-special-heading-tag'  itemprop=\"headline\"  >Lahjapakkaus<\/h2><div class=\"special-heading-border\"><div class=\"special-heading-inner-border\"><\/div><\/div><\/div><br \/>\n\n<style type=\"text\/css\" data-created_by=\"avia_inline_auto\" id=\"style-css-av-av_textblock-336a86cbd525173a432949c14cbdbbd9\">\n#top .av_textblock_section.av-av_textblock-336a86cbd525173a432949c14cbdbbd9 .avia_textblock{\nfont-size:16px;\ncolor:#000000;\n}\n<\/style>\n<section  class='av_textblock_section av-av_textblock-336a86cbd525173a432949c14cbdbbd9 '   itemscope=\"itemscope\" itemtype=\"https:\/\/schema.org\/CreativeWork\" ><div class='avia_textblock av_inherit_color'  itemprop=\"text\" ><p><strong>N\u00e4ytt\u00e4v\u00e4 pakkaus luo lis\u00e4arvoa lahjallesi. Folger painaa ja j\u00e4lkik\u00e4sittelee lahjapakkauksesi.<\/strong><\/p>\n<p><strong><br \/>\nPainamamme lahjapakkaukset ovat:<\/strong><\/p>\n<ul>\n<li>kauniita<\/li>\n<li>k\u00e4yt\u00e4nn\u00f6llisi\u00e4<\/li>\n<li>ymp\u00e4rist\u00f6yst\u00e4v\u00e4llisi\u00e4<\/li>\n<li>edullisia<\/li>\n<\/ul>\n<\/div><\/section><br \/>\n<div  class='avia-button-wrap av-av_button-4383804a17c752bb446334f893d5e6d8-wrap avia-button-left  avia-builder-el-14  el_after_av_textblock  avia-builder-el-last '>\n<style type=\"text\/css\" data-created_by=\"avia_inline_auto\" id=\"style-css-av-av_button-4383804a17c752bb446334f893d5e6d8\">\n#top #wrap_all .avia-button.av-av_button-4383804a17c752bb446334f893d5e6d8{\nbackground-color:#005f36;\nborder-color:#005f36;\ncolor:#ffffff;\ntransition:all 0.4s ease-in-out;\n}\n<\/style>\n<a href='https:\/\/folger.ee\/fi\/lahjapakkaukset\/'  class='avia-button av-av_button-4383804a17c752bb446334f893d5e6d8 av-link-btn avia-icon_select-no avia-size-large avia-position-left'  ><span class='avia_iconbox_title' >Lue lis\u00e4\u00e4<\/span><\/a><\/div><\/p><\/div>\n<style type=\"text\/css\" data-created_by=\"avia_inline_auto\" id=\"style-css-av-av_one_half-5abf35bc7f35bc3cfd48011fcc4b06ef\">\n.flex_column.av-av_one_half-5abf35bc7f35bc3cfd48011fcc4b06ef{\nborder-radius:0px 0px 0px 0px;\npadding:0px 0px 0px 0px;\n}\n<\/style>\n<div  class='flex_column av-av_one_half-5abf35bc7f35bc3cfd48011fcc4b06ef av_one_half  avia-builder-el-15  el_after_av_one_half  avia-builder-el-last  flex_column_div  '     ><style type=\"text\/css\" data-created_by=\"avia_inline_auto\" id=\"style-css-av-av_image-2db8522b3445b6462d245193c0a9c1ec\">\n.avia-image-container.av-av_image-2db8522b3445b6462d245193c0a9c1ec img.avia_image{\nbox-shadow:none;\n}\n.avia-image-container.av-av_image-2db8522b3445b6462d245193c0a9c1ec .av-image-caption-overlay-center{\ncolor:#ffffff;\n}\n<\/style>\n<div  class='avia-image-container av-av_image-2db8522b3445b6462d245193c0a9c1ec av-styling-circle av-hover-grow avia-align-left  avia-builder-el-16  avia-builder-el-no-sibling '   itemprop=\"image\" itemscope=\"itemscope\" itemtype=\"https:\/\/schema.org\/ImageObject\" ><div class=\"avia-image-container-inner\"><div class=\"avia-image-overlay-wrap\"><img decoding=\"async\" fetchpriority=\"high\" class='wp-image-1570 avia-img-lazy-loading-not-1570 avia_image ' src=\"https:\/\/folger.ee\/wp-content\/uploads\/2017\/06\/IMG_5497_-kinkepakend_-v\u00e4\u00e4rikas-\u00fcmbris.jpg\" alt='' title=''  height=\"533\" width=\"800\"  itemprop=\"thumbnailUrl\" srcset=\"https:\/\/folger.ee\/wp-content\/uploads\/2017\/06\/IMG_5497_-kinkepakend_-v\u00e4\u00e4rikas-\u00fcmbris.jpg 800w, https:\/\/folger.ee\/wp-content\/uploads\/2017\/06\/IMG_5497_-kinkepakend_-v\u00e4\u00e4rikas-\u00fcmbris-300x200.jpg 300w, https:\/\/folger.ee\/wp-content\/uploads\/2017\/06\/IMG_5497_-kinkepakend_-v\u00e4\u00e4rikas-\u00fcmbris-768x512.jpg 768w, https:\/\/folger.ee\/wp-content\/uploads\/2017\/06\/IMG_5497_-kinkepakend_-v\u00e4\u00e4rikas-\u00fcmbris-705x470.jpg 705w, https:\/\/folger.ee\/wp-content\/uploads\/2017\/06\/IMG_5497_-kinkepakend_-v\u00e4\u00e4rikas-\u00fcmbris-450x300.jpg 450w\" sizes=\"(max-width: 800px) 100vw, 800px\" \/><\/div><\/div><\/div><\/div><\/div><\/div><\/div><!-- close content main div --><\/div><\/div>\n<style type=\"text\/css\" data-created_by=\"avia_inline_auto\" id=\"style-css-av-av_section-3fccdfda0d9b9ff155148640f98019a5\">\n.avia-section.av-av_section-3fccdfda0d9b9ff155148640f98019a5{\nbackground-color:#eaeaea;\nbackground-image:unset;\n}\n<\/style>\n<div id='biggerbutt'  class='avia-section av-av_section-3fccdfda0d9b9ff155148640f98019a5 main_color avia-section-default avia-shadow  avia-builder-el-17  el_after_av_section  avia-builder-el-last  avia-bg-style-scroll container_wrap sidebar_right'  ><div class='container av-section-cont-open' ><div class='template-page content  av-content-small alpha units'><div class='post-entry post-entry-type-page post-entry-3887'><div class='entry-content-wrapper clearfix'>\n\n<style type=\"text\/css\" data-created_by=\"avia_inline_auto\" id=\"style-css-av-av_one_half-7199356cb1d68f50727093e953985fb3\">\n.flex_column.av-av_one_half-7199356cb1d68f50727093e953985fb3{\nborder-radius:0px 0px 0px 0px;\npadding:0px 0px 0px 0px;\n}\n<\/style>\n<div  class='flex_column av-av_one_half-7199356cb1d68f50727093e953985fb3 av_one_half  avia-builder-el-18  el_before_av_one_half  avia-builder-el-first  first flex_column_div  '     ><style type=\"text\/css\" data-created_by=\"avia_inline_auto\" id=\"style-css-av-av_image-64a86ef92adc0a9b0c2020ba01c75e5e\">\n.avia-image-container.av-av_image-64a86ef92adc0a9b0c2020ba01c75e5e img.avia_image{\nbox-shadow:none;\n}\n.avia-image-container.av-av_image-64a86ef92adc0a9b0c2020ba01c75e5e .av-image-caption-overlay-center{\ncolor:#ffffff;\n}\n<\/style>\n<div  class='avia-image-container av-av_image-64a86ef92adc0a9b0c2020ba01c75e5e av-styling-circle av-hover-grow avia-align-left  avia-builder-el-19  avia-builder-el-no-sibling '   itemprop=\"image\" itemscope=\"itemscope\" itemtype=\"https:\/\/schema.org\/ImageObject\" ><div class=\"avia-image-container-inner\"><div class=\"avia-image-overlay-wrap\"><img decoding=\"async\" fetchpriority=\"high\" class='wp-image-1576 avia-img-lazy-loading-not-1576 avia_image ' src=\"https:\/\/folger.ee\/wp-content\/uploads\/2017\/06\/IMG_5541_-m\u00fc\u00fcgipakend_-kvaliteetne.jpg\" alt='' title=''  height=\"533\" width=\"800\"  itemprop=\"thumbnailUrl\" srcset=\"https:\/\/folger.ee\/wp-content\/uploads\/2017\/06\/IMG_5541_-m\u00fc\u00fcgipakend_-kvaliteetne.jpg 800w, https:\/\/folger.ee\/wp-content\/uploads\/2017\/06\/IMG_5541_-m\u00fc\u00fcgipakend_-kvaliteetne-300x200.jpg 300w, https:\/\/folger.ee\/wp-content\/uploads\/2017\/06\/IMG_5541_-m\u00fc\u00fcgipakend_-kvaliteetne-768x512.jpg 768w, https:\/\/folger.ee\/wp-content\/uploads\/2017\/06\/IMG_5541_-m\u00fc\u00fcgipakend_-kvaliteetne-705x470.jpg 705w, https:\/\/folger.ee\/wp-content\/uploads\/2017\/06\/IMG_5541_-m\u00fc\u00fcgipakend_-kvaliteetne-450x300.jpg 450w\" sizes=\"(max-width: 800px) 100vw, 800px\" \/><\/div><\/div><\/div><\/div>\n<style type=\"text\/css\" data-created_by=\"avia_inline_auto\" id=\"style-css-av-av_one_half-0aa7055fe62c3622faec82866afbaeb2\">\n.flex_column.av-av_one_half-0aa7055fe62c3622faec82866afbaeb2{\nborder-radius:0px 0px 0px 0px;\npadding:0px 0px 0px 0px;\n}\n<\/style>\n<div  class='flex_column av-av_one_half-0aa7055fe62c3622faec82866afbaeb2 av_one_half  avia-builder-el-20  el_after_av_one_half  avia-builder-el-last  flex_column_div av-zero-column-padding  '     ><p>\n<style type=\"text\/css\" data-created_by=\"avia_inline_auto\" id=\"style-css-av-av_heading-1a36789dc685ea50cae23d00406dd75e\">\n#top .av-special-heading.av-av_heading-1a36789dc685ea50cae23d00406dd75e{\npadding-bottom:10px;\n}\nbody .av-special-heading.av-av_heading-1a36789dc685ea50cae23d00406dd75e .av-special-heading-tag .heading-char{\nfont-size:25px;\n}\n.av-special-heading.av-av_heading-1a36789dc685ea50cae23d00406dd75e .av-subheading{\nfont-size:15px;\n}\n<\/style>\n<div  class='av-special-heading av-av_heading-1a36789dc685ea50cae23d00406dd75e av-special-heading-h2 blockquote modern-quote  avia-builder-el-21  el_before_av_textblock  avia-builder-el-first '><h2 class='av-special-heading-tag'  itemprop=\"headline\"  >Erikoispakkaukset<\/h2><div class=\"special-heading-border\"><div class=\"special-heading-inner-border\"><\/div><\/div><\/div><br \/>\n\n<style type=\"text\/css\" data-created_by=\"avia_inline_auto\" id=\"style-css-av-av_textblock-336a86cbd525173a432949c14cbdbbd9\">\n#top .av_textblock_section.av-av_textblock-336a86cbd525173a432949c14cbdbbd9 .avia_textblock{\nfont-size:16px;\ncolor:#000000;\n}\n<\/style>\n<section  class='av_textblock_section av-av_textblock-336a86cbd525173a432949c14cbdbbd9 '   itemscope=\"itemscope\" itemtype=\"https:\/\/schema.org\/CreativeWork\" ><div class='avia_textblock av_inherit_color'  itemprop=\"text\" ><p><strong>Toisinaan tarvitaan jotain aivan uudenlaista. Folger auttaa toteuttamaan ideat ja erikoisemmatkin toiveet.<\/strong><\/p>\n<p><strong><br \/>\nToteutamme ideat, jotka<\/strong><\/p>\n<ul>\n<li>tuntuvat mahdottomilta<\/li>\n<li>ovat hyvin vaativia<\/li>\n<li>yll\u00e4tt\u00e4v\u00e4t kuluttajan positiivisesti<\/li>\n<li>edellytt\u00e4v\u00e4t erikoisosaamista<\/li>\n<\/ul>\n<\/div><\/section><br \/>\n<div  class='avia-button-wrap av-av_button-4896eb661a790f921c06e205a9b8b4e6-wrap avia-button-left  avia-builder-el-23  el_after_av_textblock  avia-builder-el-last '>\n<style type=\"text\/css\" data-created_by=\"avia_inline_auto\" id=\"style-css-av-av_button-4896eb661a790f921c06e205a9b8b4e6\">\n#top #wrap_all .avia-button.av-av_button-4896eb661a790f921c06e205a9b8b4e6{\nbackground-color:#005f36;\nborder-color:#005f36;\ncolor:#ffffff;\ntransition:all 0.4s ease-in-out;\n}\n<\/style>\n<a href='https:\/\/folger.ee\/fi\/erikoispakkaukset\/'  class='avia-button av-av_button-4896eb661a790f921c06e205a9b8b4e6 av-link-btn avia-icon_select-no avia-size-large avia-position-left'  ><span class='avia_iconbox_title' >Lue lis\u00e4\u00e4<\/span><\/a><\/div><\/p><\/div><\/div><\/div><\/div><!-- close content main div --><\/div><\/div><div id='after_section_3'  class='main_color av_default_container_wrap container_wrap sidebar_right'  ><div class='container av-section-cont-open' ><div class='template-page content  av-content-small alpha units'><div class='post-entry post-entry-type-page post-entry-3887'><div class='entry-content-wrapper clearfix'><\/p>\n","protected":false},"excerpt":{"rendered":"","protected":false},"author":1,"featured_media":0,"parent":0,"menu_order":0,"comment_status":"closed","ping_status":"closed","template":"","meta":{"footnotes":""},"class_list":["post-3887","page","type-page","status-publish","hentry"],"_links":{"self":[{"href":"https:\/\/folger.ee\/fi\/wp-json\/wp\/v2\/pages\/3887","targetHints":{"allow":["GET"]}}],"collection":[{"href":"https:\/\/folger.ee\/fi\/wp-json\/wp\/v2\/pages"}],"about":[{"href":"https:\/\/folger.ee\/fi\/wp-json\/wp\/v2\/types\/page"}],"author":[{"embeddable":true,"href":"https:\/\/folger.ee\/fi\/wp-json\/wp\/v2\/users\/1"}],"replies":[{"embeddable":true,"href":"https:\/\/folger.ee\/fi\/wp-json\/wp\/v2\/comments?post=3887"}],"version-history":[{"count":3,"href":"https:\/\/folger.ee\/fi\/wp-json\/wp\/v2\/pages\/3887\/revisions"}],"predecessor-version":[{"id":4193,"href":"https:\/\/folger.ee\/fi\/wp-json\/wp\/v2\/pages\/3887\/revisions\/4193"}],"wp:attachment":[{"href":"https:\/\/folger.ee\/fi\/wp-json\/wp\/v2\/media?parent=3887"}],"curies":[{"name":"wp","href":"https:\/\/api.w.org\/{rel}","templated":true}]}}