{"id":3895,"date":"2018-07-02T14:23:05","date_gmt":"2018-07-02T12:23:05","guid":{"rendered":"https:\/\/folger.ee\/erikoispainatus\/"},"modified":"2021-01-18T09:06:26","modified_gmt":"2021-01-18T07:06:26","slug":"erikoispainatus","status":"publish","type":"page","link":"https:\/\/folger.ee\/fi\/erikoispainatus\/","title":{"rendered":"Erikoispainatus"},"content":{"rendered":"\n<style type=\"text\/css\" data-created_by=\"avia_inline_auto\" id=\"style-css-av-av_section-d7869a322cc0ab8b737edda0d615e732\">\n.avia-section.av-av_section-d7869a322cc0ab8b737edda0d615e732{\nbackground-repeat:no-repeat;\nbackground-image:url(https:\/\/folger.ee\/wp-content\/uploads\/2017\/06\/ofsettrykk_1903x250_v2.jpg);\nbackground-position:0% 0%;\nbackground-attachment:scroll;\n}\n.avia-section.av-av_section-d7869a322cc0ab8b737edda0d615e732 .av-extra-border-element .av-extra-border-inner{\nbackground-color:#ffffff;\n}\n<\/style>\n<div id='teenused-pagehead'  class='avia-section av-av_section-d7869a322cc0ab8b737edda0d615e732 main_color avia-section-huge avia-no-border-styling  avia-builder-el-0  el_before_av_section  avia-builder-el-first  avia-full-stretch avia-bg-style-scroll container_wrap sidebar_right'  data-section-bg-repeat='stretch'><div class='container av-section-cont-open' ><main  role=\"main\" itemprop=\"mainContentOfPage\"  class='template-page content  av-content-small alpha units'><div class='post-entry post-entry-type-page post-entry-3895'><div class='entry-content-wrapper clearfix'>\n<\/div><\/div><\/main><!-- close content main element --><\/div><div class='av-extra-border-element border-extra-diagonal border-extra-diagonal-inverse '><div class='av-extra-border-outer'><div class='av-extra-border-inner'><\/div><\/div><\/div><\/div>\n<style type=\"text\/css\" data-created_by=\"avia_inline_auto\" id=\"style-css-av-av_section-4189c0f4cc5e3a0be317670bd7e4e5ae\">\n.avia-section.av-av_section-4189c0f4cc5e3a0be317670bd7e4e5ae{\nbackground-color:#ffffff;\nbackground-image:unset;\n}\n<\/style>\n<div id='teenused-grid'  class='avia-section av-av_section-4189c0f4cc5e3a0be317670bd7e4e5ae main_color avia-section-default avia-no-border-styling  avia-builder-el-1  el_after_av_section  el_before_av_section  avia-bg-style-scroll container_wrap sidebar_right'  ><div class='container av-section-cont-open' ><div class='template-page content  av-content-small alpha units'><div class='post-entry post-entry-type-page post-entry-3895'><div class='entry-content-wrapper clearfix'>\n\n<style type=\"text\/css\" data-created_by=\"avia_inline_auto\" id=\"style-css-av-av_heading-a81677cf3d98bce84f496833757871b2\">\n#top .av-special-heading.av-av_heading-a81677cf3d98bce84f496833757871b2{\npadding-bottom:0;\n}\nbody .av-special-heading.av-av_heading-a81677cf3d98bce84f496833757871b2 .av-special-heading-tag .heading-char{\nfont-size:25px;\n}\n.av-special-heading.av-av_heading-a81677cf3d98bce84f496833757871b2 .av-subheading{\nfont-size:18px;\n}\n<\/style>\n<div  class='av-special-heading av-av_heading-a81677cf3d98bce84f496833757871b2 av-special-heading-h1 blockquote modern-quote modern-centered  avia-builder-el-2  el_before_av_hr  avia-builder-el-first '><h1 class='av-special-heading-tag'  itemprop=\"headline\"  >Erikoispainatus<\/h1><div class='av-subheading av-subheading_below'><p>Kaikki toimeksiannot ovat yksil\u00f6llisi\u00e4 mutta muutamat ovat suorastaan ainutlaatuisia.<\/p>\n<\/div><div class=\"special-heading-border\"><div class=\"special-heading-inner-border\"><\/div><\/div><\/div>\n\n<style type=\"text\/css\" data-created_by=\"avia_inline_auto\" id=\"style-css-av-av_hr-0f43f4c0c60732079c06bdec67b86983\">\n#top .hr.av-av_hr-0f43f4c0c60732079c06bdec67b86983{\nmargin-top:20px;\nmargin-bottom:20px;\n}\n.hr.av-av_hr-0f43f4c0c60732079c06bdec67b86983 .hr-inner{\nwidth:50px;\nborder-color:#005f36;\nmax-width:45%;\n}\n.hr.av-av_hr-0f43f4c0c60732079c06bdec67b86983 .av-seperator-icon{\ncolor:#005f36;\n}\n<\/style>\n<div  class='hr av-av_hr-0f43f4c0c60732079c06bdec67b86983 hr-custom  avia-builder-el-3  el_after_av_heading  el_before_av_three_fifth  hr-center hr-icon-yes'><span class='hr-inner inner-border-av-border-thin'><span class=\"hr-inner-style\"><\/span><\/span><span class='av-seperator-icon' aria-hidden='true' data-av_icon='\ue8c0' data-av_iconfont='entypo-fontello'><\/span><span class='hr-inner inner-border-av-border-thin'><span class=\"hr-inner-style\"><\/span><\/span><\/div>\n\n<style type=\"text\/css\" data-created_by=\"avia_inline_auto\" id=\"style-css-av-av_three_fifth-6126cab7d8fab8d08143dd2dacdf673c\">\n.flex_column.av-av_three_fifth-6126cab7d8fab8d08143dd2dacdf673c{\nborder-radius:0px 0px 0px 0px;\npadding:0px 0px 0px 0px;\n}\n<\/style>\n<div  class='flex_column av-av_three_fifth-6126cab7d8fab8d08143dd2dacdf673c av_three_fifth  avia-builder-el-4  el_after_av_hr  el_before_av_two_fifth  first flex_column_div av-zero-column-padding  '     ><style type=\"text\/css\" data-created_by=\"avia_inline_auto\" id=\"style-css-av-av_textblock-336a86cbd525173a432949c14cbdbbd9\">\n#top .av_textblock_section.av-av_textblock-336a86cbd525173a432949c14cbdbbd9 .avia_textblock{\nfont-size:16px;\ncolor:#000000;\n}\n<\/style>\n<section  class='av_textblock_section av-av_textblock-336a86cbd525173a432949c14cbdbbd9 '   itemscope=\"itemscope\" itemtype=\"https:\/\/schema.org\/CreativeWork\" ><div class='avia_textblock av_inherit_color'  itemprop=\"text\" ><p>Kaikki painotuotteemme ovat erilaisia, mutta tietynlaiset tuotteet kaipaavat aivan erityist\u00e4 huomiota.<\/p>\n<ul>\n<li>Olisiko tarvetta kullanv\u00e4riselle paperikyp\u00e4r\u00e4lle?<\/li>\n<li>Ent\u00e4p\u00e4 pahvilaatikkoon pakatuille tarotkorteille ohjeineen?<\/li>\n<li>Yrityksen logolla koristellulle pys\u00e4k\u00f6intikiekolle?<\/li>\n<li>Pit\u00e4isik\u00f6 autoon tilata tarrat?<\/li>\n<\/ul>\n<p>Kokeneet asiantuntijamme toteuttavat toiveesi tehokkailla laitteillamme.<\/p>\n<\/div><\/section><\/div>\n<style type=\"text\/css\" data-created_by=\"avia_inline_auto\" id=\"style-css-av-av_two_fifth-0aa7055fe62c3622faec82866afbaeb2\">\n.flex_column.av-av_two_fifth-0aa7055fe62c3622faec82866afbaeb2{\nborder-radius:0px 0px 0px 0px;\npadding:0px 0px 0px 0px;\n}\n<\/style>\n<div  class='flex_column av-av_two_fifth-0aa7055fe62c3622faec82866afbaeb2 av_two_fifth  avia-builder-el-6  el_after_av_three_fifth  el_before_av_hr  flex_column_div av-zero-column-padding  '     ><style type=\"text\/css\" data-created_by=\"avia_inline_auto\" id=\"style-css-av-av_image-a6b3440d5417fc935f65934fba4238ef\">\n.avia-image-container.av-av_image-a6b3440d5417fc935f65934fba4238ef img.avia_image{\nbox-shadow:none;\n}\n.avia-image-container.av-av_image-a6b3440d5417fc935f65934fba4238ef .av-image-caption-overlay-center{\ncolor:#ffffff;\n}\n<\/style>\n<div  class='avia-image-container av-av_image-a6b3440d5417fc935f65934fba4238ef av-styling-circle avia-align-center  avia-builder-el-7  avia-builder-el-no-sibling '   itemprop=\"image\" itemscope=\"itemscope\" itemtype=\"https:\/\/schema.org\/ImageObject\" ><div class=\"avia-image-container-inner\"><div class=\"avia-image-overlay-wrap\"><img decoding=\"async\" fetchpriority=\"high\" class='wp-image-5487 avia-img-lazy-loading-not-5487 avia_image ' src=\"https:\/\/folger.ee\/wp-content\/uploads\/2017\/06\/IMG_5558_-erilahendus-1-495x400.jpg\" alt='' title=''  height=\"400\" width=\"495\"  itemprop=\"thumbnailUrl\"  \/><\/div><\/div><\/div><\/div>\n<style type=\"text\/css\" data-created_by=\"avia_inline_auto\" id=\"style-css-av-av_hr-2319a558ad94a6731b02a72d0f6d2b4c\">\n#top .hr.av-av_hr-2319a558ad94a6731b02a72d0f6d2b4c{\nmargin-top:20px;\nmargin-bottom:20px;\n}\n.hr.av-av_hr-2319a558ad94a6731b02a72d0f6d2b4c .hr-inner{\nwidth:50px;\n}\n<\/style>\n<div  class='hr av-av_hr-2319a558ad94a6731b02a72d0f6d2b4c hr-custom  avia-builder-el-8  el_after_av_two_fifth  el_before_av_textblock  hr-center hr-icon-no'><span class='hr-inner inner-border-av-border-thin'><span class=\"hr-inner-style\"><\/span><\/span><\/div>\n\n<style type=\"text\/css\" data-created_by=\"avia_inline_auto\" id=\"style-css-av-av_textblock-336a86cbd525173a432949c14cbdbbd9\">\n#top .av_textblock_section.av-av_textblock-336a86cbd525173a432949c14cbdbbd9 .avia_textblock{\nfont-size:16px;\ncolor:#000000;\n}\n<\/style>\n<section  class='av_textblock_section av-av_textblock-336a86cbd525173a432949c14cbdbbd9 '   itemscope=\"itemscope\" itemtype=\"https:\/\/schema.org\/CreativeWork\" ><div class='avia_textblock av_inherit_color'  itemprop=\"text\" ><p><strong>Laaja valikoima erilaisia vaihtoehtoja<\/strong><\/p>\n<p>Meilt\u00e4 saat v\u00e4rikk\u00e4\u00e4t painotuotteet, foliopainopalvelut, stanssatut ja taitellut tuotteet sek\u00e4 my\u00f6s pakkaukset. Paras lopputulos syntyy silloin, kun asiakkaan ideat ja osaamisemme yhdistyv\u00e4t saumattomaksi kokonaisuudeksi.<\/p>\n<\/div><\/section>\n<\/div><\/div><\/div><!-- close content main div --><\/div><\/div>\n<style type=\"text\/css\" data-created_by=\"avia_inline_auto\" id=\"style-css-av-av_section-26edc778ac02bb92cda94f01fe5cbebd\">\n.avia-section.av-av_section-26edc778ac02bb92cda94f01fe5cbebd{\nbackground-color:#ebebeb;\nbackground-image:unset;\n}\n<\/style>\n<div id='av_section_3'  class='avia-section av-av_section-26edc778ac02bb92cda94f01fe5cbebd main_color avia-section-default avia-no-shadow  avia-builder-el-10  el_after_av_section  el_before_av_section  avia-bg-style-scroll container_wrap sidebar_right'  ><div class='container av-section-cont-open' ><div class='template-page content  av-content-small alpha units'><div class='post-entry post-entry-type-page post-entry-3895'><div class='entry-content-wrapper clearfix'>\n\n<style type=\"text\/css\" data-created_by=\"avia_inline_auto\" id=\"style-css-av-av_one_half-6126cab7d8fab8d08143dd2dacdf673c\">\n.flex_column.av-av_one_half-6126cab7d8fab8d08143dd2dacdf673c{\nborder-radius:0px 0px 0px 0px;\npadding:0px 0px 0px 0px;\n}\n<\/style>\n<div  class='flex_column av-av_one_half-6126cab7d8fab8d08143dd2dacdf673c av_one_half  avia-builder-el-11  el_before_av_one_half  avia-builder-el-first  first flex_column_div av-zero-column-padding  '     ><style type=\"text\/css\" data-created_by=\"avia_inline_auto\" id=\"style-css-av-av_textblock-60d462bd0bc811363a2e7e31868c0769\">\n#top .av_textblock_section.av-av_textblock-60d462bd0bc811363a2e7e31868c0769 .avia_textblock{\nfont-size:18px;\ncolor:#000000;\n}\n<\/style>\n<section  class='av_textblock_section av-av_textblock-60d462bd0bc811363a2e7e31868c0769 '   itemscope=\"itemscope\" itemtype=\"https:\/\/schema.org\/CreativeWork\" ><div class='avia_textblock av_inherit_color'  itemprop=\"text\" ><p style=\"text-align: right;\">Tarvitsetko apua tai haluaisitko tarjouksen? Ota yhteytt\u00e4!<\/p>\n<\/div><\/section><\/div>\n<style type=\"text\/css\" data-created_by=\"avia_inline_auto\" id=\"style-css-av-av_one_half-0aa7055fe62c3622faec82866afbaeb2\">\n.flex_column.av-av_one_half-0aa7055fe62c3622faec82866afbaeb2{\nborder-radius:0px 0px 0px 0px;\npadding:0px 0px 0px 0px;\n}\n<\/style>\n<div  class='flex_column av-av_one_half-0aa7055fe62c3622faec82866afbaeb2 av_one_half  avia-builder-el-13  el_after_av_one_half  avia-builder-el-last  flex_column_div av-zero-column-padding  '     ><div  class='avia-button-wrap av-av_button-16856319c41979b10011773e203087bd-wrap avia-button-left  avia-builder-el-14  avia-builder-el-no-sibling '>\n<style type=\"text\/css\" data-created_by=\"avia_inline_auto\" id=\"style-css-av-av_button-16856319c41979b10011773e203087bd\">\n#top #wrap_all .avia-button.av-av_button-16856319c41979b10011773e203087bd{\nbackground-color:#005f36;\nborder-color:#005f36;\ncolor:#ffffff;\ntransition:all 0.4s ease-in-out;\n}\n<\/style>\n<a href='https:\/\/folger.ee\/fi\/asiakasvastaavat\/'  class='avia-button av-av_button-16856319c41979b10011773e203087bd av-link-btn avia-icon_select-no avia-size-large avia-position-left'  ><span class='avia_iconbox_title' >Ota yhteytt\u00e4<\/span><\/a><\/div><\/div>\n<\/p>\n<\/div><\/div><\/div><!-- close content main div --><\/div><\/div><div id='av_section_4'  class='avia-section av-av_section-4ab2c50611e8bc0ab9af19846c400691 main_color avia-section-default avia-no-shadow  avia-builder-el-15  el_after_av_section  avia-builder-el-last  avia-bg-style-scroll container_wrap sidebar_right'  ><div class='container av-section-cont-open' ><div class='template-page content  av-content-small alpha units'><div class='post-entry post-entry-type-page post-entry-3895'><div class='entry-content-wrapper clearfix'>\n\n<style type=\"text\/css\" data-created_by=\"avia_inline_auto\" id=\"style-css-av-av_heading-fcb8cd2ac8126705d2344563f9b704ce\">\n#top .av-special-heading.av-av_heading-fcb8cd2ac8126705d2344563f9b704ce{\npadding-bottom:20px;\nfont-size:26px;\n}\nbody .av-special-heading.av-av_heading-fcb8cd2ac8126705d2344563f9b704ce .av-special-heading-tag .heading-char{\nfont-size:25px;\n}\n#top #wrap_all .av-special-heading.av-av_heading-fcb8cd2ac8126705d2344563f9b704ce .av-special-heading-tag{\nfont-size:26px;\n}\n.av-special-heading.av-av_heading-fcb8cd2ac8126705d2344563f9b704ce .av-subheading{\nfont-size:18px;\n}\n\n@media only screen and (min-width: 480px) and (max-width: 767px){ \n#top #wrap_all .av-special-heading.av-av_heading-fcb8cd2ac8126705d2344563f9b704ce .av-special-heading-tag{\nfont-size:0.8em;\n}\n}\n\n@media only screen and (max-width: 479px){ \n#top #wrap_all .av-special-heading.av-av_heading-fcb8cd2ac8126705d2344563f9b704ce .av-special-heading-tag{\nfont-size:0.8em;\n}\n}\n<\/style>\n<div  class='av-special-heading av-av_heading-fcb8cd2ac8126705d2344563f9b704ce av-special-heading-h2 blockquote modern-quote  avia-builder-el-16  el_before_av_masonry_gallery  avia-builder-el-no-sibling  av-inherit-size'><h2 class='av-special-heading-tag'  itemprop=\"headline\"  >Painamamme erikoispainatukset<\/h2><div class=\"special-heading-border\"><div class=\"special-heading-inner-border\"><\/div><\/div><\/div>\n<div id='av-masonry-1' class='av-masonry av-av_masonry_gallery-ff42353d8b2a468517c33e5a4de9c7a1 noHover av-fixed-size av-large-gap av-hover-overlay-active av-masonry-animation-active av-masonry-col-6 av-caption-on-hover av-caption-style-overlay av-masonry-gallery ' data-post_id=\"3895\"><div class=\"av-masonry-container isotope av-js-disabled\"><div class='av-masonry-entry isotope-item av-masonry-item-no-image '><\/div><a href=\"https:\/\/folger.ee\/wp-content\/uploads\/2016\/02\/MG_2345-1030x687.jpg\" data-srcset=\"https:\/\/folger.ee\/wp-content\/uploads\/2016\/02\/MG_2345-1030x687.jpg 1030w, https:\/\/folger.ee\/wp-content\/uploads\/2016\/02\/MG_2345-300x200.jpg 300w, https:\/\/folger.ee\/wp-content\/uploads\/2016\/02\/MG_2345-768x512.jpg 768w, https:\/\/folger.ee\/wp-content\/uploads\/2016\/02\/MG_2345-1500x1000.jpg 1500w, https:\/\/folger.ee\/wp-content\/uploads\/2016\/02\/MG_2345-705x470.jpg 705w, https:\/\/folger.ee\/wp-content\/uploads\/2016\/02\/MG_2345-450x300.jpg 450w\" data-sizes=\"(max-width: 1030px) 100vw, 1030px\"  aria-label=\"image image with no title\"  id='av-masonry-1-item-5134' data-av-masonry-item='5134' class='av-masonry-entry isotope-item post-5134 attachment type-attachment status-inherit hentry  av-masonry-item-with-image' title=\"\" alt=\"\"    itemprop=\"thumbnailUrl\" ><div class='av-inner-masonry-sizer'><\/div><figure class='av-inner-masonry main_color'><div class=\"av-masonry-outerimage-container\"><div class='av-masonry-image-container' style=\"background-image: url(https:\/\/folger.ee\/wp-content\/uploads\/2016\/02\/MG_2345-705x470.jpg);\"  ><\/div><\/div><\/figure><\/a><!--end av-masonry entry--><a href=\"https:\/\/folger.ee\/wp-content\/uploads\/2016\/02\/MG_2337-1030x687.jpg\" data-srcset=\"https:\/\/folger.ee\/wp-content\/uploads\/2016\/02\/MG_2337-1030x687.jpg 1030w, https:\/\/folger.ee\/wp-content\/uploads\/2016\/02\/MG_2337-300x200.jpg 300w, https:\/\/folger.ee\/wp-content\/uploads\/2016\/02\/MG_2337-768x512.jpg 768w, https:\/\/folger.ee\/wp-content\/uploads\/2016\/02\/MG_2337-1500x1000.jpg 1500w, https:\/\/folger.ee\/wp-content\/uploads\/2016\/02\/MG_2337-705x470.jpg 705w, https:\/\/folger.ee\/wp-content\/uploads\/2016\/02\/MG_2337-450x300.jpg 450w\" data-sizes=\"(max-width: 1030px) 100vw, 1030px\"  aria-label=\"image image with no title\"  id='av-masonry-1-item-5132' data-av-masonry-item='5132' class='av-masonry-entry isotope-item post-5132 attachment type-attachment status-inherit hentry  av-masonry-item-with-image' title=\"\" alt=\"\"    itemprop=\"thumbnailUrl\" ><div class='av-inner-masonry-sizer'><\/div><figure class='av-inner-masonry main_color'><div class=\"av-masonry-outerimage-container\"><div class='av-masonry-image-container' style=\"background-image: url(https:\/\/folger.ee\/wp-content\/uploads\/2016\/02\/MG_2337-705x470.jpg);\"  ><\/div><\/div><\/figure><\/a><!--end av-masonry entry--><a href=\"https:\/\/folger.ee\/wp-content\/uploads\/2017\/06\/MG_2349.jpg\" data-srcset=\"https:\/\/folger.ee\/wp-content\/uploads\/2017\/06\/MG_2349.jpg 800w, https:\/\/folger.ee\/wp-content\/uploads\/2017\/06\/MG_2349-300x200.jpg 300w, https:\/\/folger.ee\/wp-content\/uploads\/2017\/06\/MG_2349-768x512.jpg 768w, https:\/\/folger.ee\/wp-content\/uploads\/2017\/06\/MG_2349-705x470.jpg 705w, https:\/\/folger.ee\/wp-content\/uploads\/2017\/06\/MG_2349-450x300.jpg 450w\" data-sizes=\"(max-width: 800px) 100vw, 800px\"  aria-label=\"image image with no title\"  id='av-masonry-1-item-5488' data-av-masonry-item='5488' class='av-masonry-entry isotope-item post-5488 attachment type-attachment status-inherit hentry  av-masonry-item-with-image' title=\"\" alt=\"\"    itemprop=\"thumbnailUrl\" ><div class='av-inner-masonry-sizer'><\/div><figure class='av-inner-masonry main_color'><div class=\"av-masonry-outerimage-container\"><div class='av-masonry-image-container' style=\"background-image: url(https:\/\/folger.ee\/wp-content\/uploads\/2017\/06\/MG_2349-705x470.jpg);\"  ><\/div><\/div><\/figure><\/a><!--end av-masonry entry--><a href=\"https:\/\/folger.ee\/wp-content\/uploads\/2017\/06\/MG_2403.jpg\" data-srcset=\"https:\/\/folger.ee\/wp-content\/uploads\/2017\/06\/MG_2403.jpg 800w, https:\/\/folger.ee\/wp-content\/uploads\/2017\/06\/MG_2403-300x200.jpg 300w, https:\/\/folger.ee\/wp-content\/uploads\/2017\/06\/MG_2403-768x512.jpg 768w, https:\/\/folger.ee\/wp-content\/uploads\/2017\/06\/MG_2403-705x470.jpg 705w, https:\/\/folger.ee\/wp-content\/uploads\/2017\/06\/MG_2403-450x300.jpg 450w\" data-sizes=\"(max-width: 800px) 100vw, 800px\"  aria-label=\"image image with no title\"  id='av-masonry-1-item-5489' data-av-masonry-item='5489' class='av-masonry-entry isotope-item post-5489 attachment type-attachment status-inherit hentry  av-masonry-item-with-image' title=\"\" alt=\"\"    itemprop=\"thumbnailUrl\" ><div class='av-inner-masonry-sizer'><\/div><figure class='av-inner-masonry main_color'><div class=\"av-masonry-outerimage-container\"><div class='av-masonry-image-container' style=\"background-image: url(https:\/\/folger.ee\/wp-content\/uploads\/2017\/06\/MG_2403-705x470.jpg);\"  ><\/div><\/div><\/figure><\/a><!--end av-masonry entry--><a href=\"https:\/\/folger.ee\/wp-content\/uploads\/2017\/06\/MG_2414.jpg\" data-srcset=\"https:\/\/folger.ee\/wp-content\/uploads\/2017\/06\/MG_2414.jpg 800w, https:\/\/folger.ee\/wp-content\/uploads\/2017\/06\/MG_2414-300x200.jpg 300w, https:\/\/folger.ee\/wp-content\/uploads\/2017\/06\/MG_2414-768x512.jpg 768w, https:\/\/folger.ee\/wp-content\/uploads\/2017\/06\/MG_2414-705x470.jpg 705w, https:\/\/folger.ee\/wp-content\/uploads\/2017\/06\/MG_2414-450x300.jpg 450w\" data-sizes=\"(max-width: 800px) 100vw, 800px\"  aria-label=\"image image with no title\"  id='av-masonry-1-item-5490' data-av-masonry-item='5490' class='av-masonry-entry isotope-item post-5490 attachment type-attachment status-inherit hentry  av-masonry-item-with-image' title=\"\" alt=\"\"    itemprop=\"thumbnailUrl\" ><div class='av-inner-masonry-sizer'><\/div><figure class='av-inner-masonry main_color'><div class=\"av-masonry-outerimage-container\"><div class='av-masonry-image-container' style=\"background-image: url(https:\/\/folger.ee\/wp-content\/uploads\/2017\/06\/MG_2414-705x470.jpg);\"  ><\/div><\/div><\/figure><\/a><!--end av-masonry entry--><\/div><\/div>\n<\/div><\/div><\/div><!-- close content main div --><\/div><\/div><div id='after_section_4'  class='main_color av_default_container_wrap container_wrap sidebar_right'  ><div class='container av-section-cont-open' ><div class='template-page content  av-content-small alpha units'><div class='post-entry post-entry-type-page post-entry-3895'><div class='entry-content-wrapper clearfix'>\n","protected":false},"excerpt":{"rendered":"","protected":false},"author":1,"featured_media":0,"parent":0,"menu_order":0,"comment_status":"closed","ping_status":"closed","template":"","meta":{"footnotes":""},"class_list":["post-3895","page","type-page","status-publish","hentry"],"_links":{"self":[{"href":"https:\/\/folger.ee\/fi\/wp-json\/wp\/v2\/pages\/3895","targetHints":{"allow":["GET"]}}],"collection":[{"href":"https:\/\/folger.ee\/fi\/wp-json\/wp\/v2\/pages"}],"about":[{"href":"https:\/\/folger.ee\/fi\/wp-json\/wp\/v2\/types\/page"}],"author":[{"embeddable":true,"href":"https:\/\/folger.ee\/fi\/wp-json\/wp\/v2\/users\/1"}],"replies":[{"embeddable":true,"href":"https:\/\/folger.ee\/fi\/wp-json\/wp\/v2\/comments?post=3895"}],"version-history":[{"count":4,"href":"https:\/\/folger.ee\/fi\/wp-json\/wp\/v2\/pages\/3895\/revisions"}],"predecessor-version":[{"id":4475,"href":"https:\/\/folger.ee\/fi\/wp-json\/wp\/v2\/pages\/3895\/revisions\/4475"}],"wp:attachment":[{"href":"https:\/\/folger.ee\/fi\/wp-json\/wp\/v2\/media?parent=3895"}],"curies":[{"name":"wp","href":"https:\/\/api.w.org\/{rel}","templated":true}]}}